{"id":2188,"date":"2024-01-16T17:00:45","date_gmt":"2024-01-16T16:00:45","guid":{"rendered":"http:\/\/74.234.24.151\/?page_id=2188"},"modified":"2024-05-30T18:34:20","modified_gmt":"2024-05-30T16:34:20","slug":"enfermeria","status":"publish","type":"page","link":"https:\/\/xn--acladcorua-19a.es\/gl\/areas-programas\/enfermeria\/","title":{"rendered":"Enfermer\u00eda"},"content":{"rendered":"<h2 class=\"wp-block-heading has-text-align-center\"><em>No importa lo que ocurra, o lo malo que parezca todo hoy&#8230; La vida contin\u00faa, y ma\u00f1ana ser\u00e1 mejor<\/em><\/h2>\n\n\n\n<div class=\"section-wrapper\" data-id=\"ZnjADQ\"><section class=\"wp-block-gutenverse-section guten-element guten-section guten-ZnjADQ layout-boxed align-stretch\"><div class=\"guten-background-overlay\"><\/div><div class=\"guten-shape-divider guten-shape-divider-top\"><\/div><div class=\"guten-shape-divider guten-shape-divider-bottom\"><\/div><div class=\"guten-container guten-column-gap-no\">\n<div class=\"wp-block-gutenverse-column guten-element guten-column guten-2x3BCJ\"><div class=\"guten-background-overlay\"><\/div><div class=\"sticky-wrapper\" data-id=\"2x3BCJ\"><div class=\"guten-column-wrapper\">\n<div class=\"guten-element gutenverse-text-editor guten-QSuAeQ\"><div class=\"text-content-inner\">\n<p class=\"has-normal-font-size\"><\/p>\n<\/div><\/div>\n\n\n\n<div class=\"guten-element guten-testimonials guten-hvR7dN animated guten-element-hide desktop-fadeInLeft style-2 quote-override\"><div class=\"testimonials-list\"><div id=\"guten-hvR7dN\" class=\"swiper-container\" data-loop=\"false\" data-autoplay=\"false\" data-timeout=\"2400\" data-nav=\"false\" data-arrow=\"false\" data-breakpoints=\"{&quot;0&quot;:{&quot;spaceBetween&quot;:15,&quot;slidesPerView&quot;:1},&quot;768&quot;:{&quot;spaceBetween&quot;:15,&quot;slidesPerView&quot;:1},&quot;1024&quot;:{&quot;spaceBetween&quot;:10,&quot;slidesPerView&quot;:1}}\"><div class=\"swiper-wrapper\"><div class=\"swiper-slide\"><div class=\"guten-testimonial-item\"><div class=\"testimonial-box hover-from-left\"><div class=\"comment-header\"><ul class=\"rating-stars\"><\/ul><\/div><div class=\"comment-bio\"><div class=\"bio-details\"><div class=\"profile-image\"><img decoding=\"async\" src=\"http:\/\/74.234.24.151\/wp-content\/uploads\/2024\/01\/ayuda.png\" alt=\"Nuestra \u00c1rea de Enfermer\u00eda\"\/><\/div><span class=\"profile-info\"><strong class=\"profile-name\">Nuestra \u00c1rea de Enfermer\u00eda<\/strong><p class=\"profile-des\"><\/p><\/span><\/div><\/div><div class=\"comment-content\"><p>La atenci\u00f3n y el acompa\u00f1amiento, as\u00ed como la valoraci\u00f3n y seguimiento que damos a los pacientes, es una labor diaria que repercute en la buena evoluci\u00f3n de los diferentes tratamientos.\n\nEl servicio de enfermer\u00eda dispone de una consulta en la que atendemos, sobre todo, a pacientes con patolog\u00eda dual y atenci\u00f3n ambulatoria. \nTrabajamos en horario de ma\u00f1ana y tarde para dispensaci\u00f3n de metadona, realizaci\u00f3n de recogida uroan\u00e1lisis, intercambio de jeringuillas, entrega de preservativos y otras intervenciones.<\/p><\/div><\/div><\/div><\/div><\/div><\/div><\/div><\/div>\n<\/div><\/div><\/div>\n\n\n\n<div class=\"wp-block-gutenverse-column guten-element guten-column guten-toC7qL animated guten-element-hide desktop-fadeInRight\"><div class=\"guten-background-overlay\"><\/div><div class=\"sticky-wrapper\" data-id=\"toC7qL\"><div class=\"guten-column-wrapper\"><\/div><\/div><\/div>\n<\/div><\/section><\/div>\n\n\n\n<div class=\"section-wrapper\" data-id=\"Ira8ak\"><section class=\"wp-block-gutenverse-section guten-element guten-section guten-Ira8ak layout-boxed align-stretch\"><div class=\"guten-background-overlay\"><\/div><div class=\"guten-shape-divider guten-shape-divider-top\"><\/div><div class=\"guten-shape-divider guten-shape-divider-bottom\"><\/div><div class=\"guten-container guten-column-gap-default\">\n<div class=\"wp-block-gutenverse-column guten-element guten-column guten-CSphzF animated guten-element-hide desktop-fadeInUp\"><div class=\"guten-background-overlay\"><\/div><div class=\"sticky-wrapper\" data-id=\"CSphzF\"><div class=\"guten-column-wrapper\">\n<div class=\"wp-block-gutenverse-image guten-element guten-image guten-1OILTa\"><a class=\"guten-image-wrapper\"><img loading=\"lazy\" decoding=\"async\" class=\"gutenverse-image-box-filled\" src=\"http:\/\/74.234.24.151\/wp-content\/uploads\/2024\/05\/ACLAD_edificio_UA_2-1-scaled.jpg\" height=\"1640\" width=\"2560\"\/><\/a><\/div>\n\n\n\n<div class=\"wp-block-gutenverse-image guten-element guten-image guten-TH6PEQ animated guten-element-hide desktop-fadeInUp\"><a class=\"guten-image-wrapper\"><img loading=\"lazy\" decoding=\"async\" class=\"gutenverse-image-box-filled\" src=\"http:\/\/74.234.24.151\/wp-content\/uploads\/2024\/05\/IMG-20240422-WA0019.jpg\" height=\"682\" width=\"1024\"\/><\/a><\/div>\n\n\n\n<div class=\"section-wrapper\" data-id=\"bs96P3\"><section class=\"wp-block-gutenverse-section guten-element guten-section guten-bs96P3 layout-boxed align-stretch\"><div class=\"guten-background-overlay\"><\/div><div class=\"guten-shape-divider guten-shape-divider-top\"><\/div><div class=\"guten-shape-divider guten-shape-divider-bottom\"><\/div><div class=\"guten-container guten-column-gap-default\">\n<div class=\"wp-block-gutenverse-column guten-element guten-column guten-ZBBcdm\"><div class=\"guten-background-overlay\"><\/div><div class=\"sticky-wrapper\" data-id=\"ZBBcdm\"><div class=\"guten-column-wrapper\">\n<p>En la <strong>comunidad terap\u00e9utica<\/strong> tambi\u00e9n contamos con equipo de enfermer\u00eda en turnos de ma\u00f1ana y tarde. <\/p>\n\n\n\n<p>Hacemos atenci\u00f3n integral del paciente dentro de un equipo multidisciplinar y nos ocupamos de la dispensaci\u00f3n y supervisi\u00f3n de f\u00e1rmacos, as\u00ed como del proceso de valoraci\u00f3n e ingresos de los pacientes. <\/p>\n\n\n\n<p>Hacemos grupos de educaci\u00f3n sanitaria para promoci\u00f3n de la salud e intentamos una reeducaci\u00f3n global en la salud de las personas, es decir, no s\u00f3lo favorecer el abandono de h\u00e1bitos t\u00f3xicos sino tambi\u00e9n el aprendizaje de h\u00e1bitos saludables.<\/p>\n<\/div><\/div><\/div>\n<\/div><\/section><\/div>\n<\/div><\/div><\/div>\n\n\n\n<div class=\"wp-block-gutenverse-column guten-element guten-column guten-UWb9lp\"><div class=\"guten-background-overlay\"><\/div><div class=\"sticky-wrapper\" data-id=\"UWb9lp\"><div class=\"guten-column-wrapper\">\n<h2 class=\"wp-block-gutenverse-heading guten-element guten-DZHhFF animated guten-element-hide desktop-fadeInLeft\">Programas en nuestra consulta de enfermer\u00eda<\/h2>\n\n\n\n<div class=\"guten-element gutenverse-text-editor guten-2UJA1S animated guten-element-hide desktop-fadeInLeft\"><div class=\"text-content-inner\"><\/div><\/div>\n\n\n\n<div class=\"guten-element guten-icon-list guten-v5JZEB animated guten-element-hide desktop-fadeInUp\">\n<div class=\"guten-element guten-icon-list-item guten-pZCxoq\"><a id=\"guten-pZCxoq\"><i class=\"gtn gtn-checked1-light\"><\/i><span class=\"list-text\">Administraci\u00f3n de antipsic\u00f3ticos inyectables de larga duraci\u00f3n (APLD) destinado para pacientes con trastornos mentales graves<\/span><\/a><\/div>\n\n\n\n<div class=\"guten-element guten-icon-list-item guten-pZCxoq\"><a id=\"guten-pZCxoq\"><i class=\"gtn gtn-checked1-light\"><\/i><span class=\"list-text\">Administraci\u00f3n de Buprenorfina subcut\u00e1nea<\/span><\/a><\/div>\n\n\n\n<div class=\"guten-element guten-icon-list-item guten-aSkjTo\"><a id=\"guten-aSkjTo\"><i class=\"gtn gtn-checked1-light\"><\/i><span class=\"list-text\">Extracciones de sangre<\/span><\/a><\/div>\n\n\n\n<div class=\"guten-element guten-icon-list-item guten-WDB4Kc\"><a id=\"guten-WDB4Kc\"><i class=\"gtn gtn-checked1-light\"><\/i><span class=\"list-text\">Campa\u00f1as de vacunaci\u00f3n antigripal<\/span><\/a><\/div>\n\n\n\n<div class=\"guten-element guten-icon-list-item guten-ln5CDf\"><a id=\"guten-ln5CDf\"><i class=\"gtn gtn-checked1-light\"><\/i><span class=\"list-text\">Dispensaci\u00f3n de metadona a pacientes ingresados en el CIS<\/span><\/a><\/div>\n\n\n\n<div class=\"guten-element guten-icon-list-item guten-OdSXEn\"><a id=\"guten-OdSXEn\"><i class=\"gtn gtn-checked1-light\"><\/i><span class=\"list-text\">Colocaci\u00f3n en el programa gallego de erradicaci\u00f3n VHC<\/span><\/a><\/div>\n\n\n\n<div class=\"guten-element guten-icon-list-item guten-q2ZaTi\"><a id=\"guten-q2ZaTi\"><i class=\"gtn gtn-checked1-light\"><\/i><span class=\"list-text\">Programa de consumo de menos riesgo y prevenci\u00f3n de sobredosis<\/span><\/a><\/div>\n\n\n\n<div class=\"guten-element guten-icon-list-item guten-mR8n8O\"><a id=\"guten-mR8n8O\"><i class=\"gtn gtn-checked1-light\"><\/i><span class=\"list-text\">Supervisi\u00f3n de tratamientos orales<\/span><\/a><\/div>\n<\/div>\n<\/div><\/div><\/div>\n<\/div><\/section><\/div>\n\n\n\n<div class=\"guten-element guten-button-wrapper guten-CN89Aw\"><a class=\"guten-button guten-button-md\" href=\"http:\/\/74.234.24.151\/areas-programas\/\"><span>VOLVER A \u00c1REAS<\/span><\/a><\/div>","protected":false},"excerpt":{"rendered":"<p>No importa lo que ocurra, o lo malo que parezca todo hoy&#8230; La vida contin\u00faa, y ma\u00f1ana ser\u00e1 mejor<\/p>","protected":false},"author":2,"featured_media":2593,"parent":967,"menu_order":0,"comment_status":"closed","ping_status":"closed","template":"","meta":{"iawp_total_views":130,"footnotes":""},"class_list":["post-2188","page","type-page","status-publish","has-post-thumbnail","hentry"],"_links":{"self":[{"href":"https:\/\/xn--acladcorua-19a.es\/gl\/wp-json\/wp\/v2\/pages\/2188"}],"collection":[{"href":"https:\/\/xn--acladcorua-19a.es\/gl\/wp-json\/wp\/v2\/pages"}],"about":[{"href":"https:\/\/xn--acladcorua-19a.es\/gl\/wp-json\/wp\/v2\/types\/page"}],"author":[{"embeddable":true,"href":"https:\/\/xn--acladcorua-19a.es\/gl\/wp-json\/wp\/v2\/users\/2"}],"replies":[{"embeddable":true,"href":"https:\/\/xn--acladcorua-19a.es\/gl\/wp-json\/wp\/v2\/comments?post=2188"}],"version-history":[{"count":15,"href":"https:\/\/xn--acladcorua-19a.es\/gl\/wp-json\/wp\/v2\/pages\/2188\/revisions"}],"predecessor-version":[{"id":2618,"href":"https:\/\/xn--acladcorua-19a.es\/gl\/wp-json\/wp\/v2\/pages\/2188\/revisions\/2618"}],"up":[{"embeddable":true,"href":"https:\/\/xn--acladcorua-19a.es\/gl\/wp-json\/wp\/v2\/pages\/967"}],"wp:featuredmedia":[{"embeddable":true,"href":"https:\/\/xn--acladcorua-19a.es\/gl\/wp-json\/wp\/v2\/media\/2593"}],"wp:attachment":[{"href":"https:\/\/xn--acladcorua-19a.es\/gl\/wp-json\/wp\/v2\/media?parent=2188"}],"curies":[{"name":"wp","href":"https:\/\/api.w.org\/{rel}","templated":true}]}}