{"id":2190,"date":"2024-01-16T17:01:22","date_gmt":"2024-01-16T16:01:22","guid":{"rendered":"http:\/\/74.234.24.151\/?page_id=2190"},"modified":"2024-06-18T17:48:06","modified_gmt":"2024-06-18T15:48:06","slug":"area-educativa","status":"publish","type":"page","link":"https:\/\/xn--acladcorua-19a.es\/gl\/areas-programas\/area-educativa\/","title":{"rendered":"\u00c1rea Educativa"},"content":{"rendered":"<h2 class=\"wp-block-heading has-text-align-center\"><em>Dime y lo olvido. Ens\u00e9\u00f1ame y lo recuerdo. Invol\u00facrame y lo aprendo<\/em><\/h2>\n\n\n\n<p class=\"has-text-align-center\">&#8211; <em>Benjamin Franklin<\/em> &#8211;<\/p>\n\n\n\n<div class=\"section-wrapper\" data-id=\"QINT0R\"><section class=\"wp-block-gutenverse-section guten-element guten-section guten-QINT0R animated guten-element-hide desktop-fadeInUp layout-boxed align-stretch\"><div class=\"guten-background-overlay\"><\/div><div class=\"guten-shape-divider guten-shape-divider-top\"><\/div><div class=\"guten-shape-divider guten-shape-divider-bottom\"><\/div><div class=\"guten-container guten-column-gap-no\">\n<div class=\"wp-block-gutenverse-column guten-element guten-column guten-mqb3MU\"><div class=\"guten-background-overlay\"><\/div><div class=\"sticky-wrapper\" data-id=\"mqb3MU\"><div class=\"guten-column-wrapper\">\n<h3 class=\"wp-block-gutenverse-heading guten-element guten-ihsLOe animated guten-element-hide desktop-fadeInLeft\">Qu\u00e9 hace un educador social<\/h3>\n\n\n\n<div class=\"guten-element gutenverse-text-editor guten-cWuIwy animated guten-element-hide desktop-fadeInLeft\"><div class=\"text-content-inner\">\n<p>El educador social en un entorno de drogodependencias desempe\u00f1a un papel de <strong>acompa\u00f1amiento en el tratamiento<\/strong>.<\/p>\n<\/div><\/div>\n<\/div><\/div><\/div>\n\n\n\n<div class=\"wp-block-gutenverse-column guten-element guten-column guten-BesoLb animated guten-element-hide desktop-fadeInUp\"><div class=\"guten-background-overlay\"><\/div><div class=\"sticky-wrapper\" data-id=\"BesoLb\"><div class=\"guten-column-wrapper\">\n<h5 class=\"wp-block-gutenverse-heading guten-element guten-pfEqC0\">Funciones de informaci\u00f3n y evaluaci\u00f3n<\/h5>\n\n\n\n<div class=\"guten-element gutenverse-text-editor guten-6AVz2W\"><div class=\"text-content-inner\">\n<p>Sus funciones incluyen proporcionar informaci\u00f3n y educaci\u00f3n sobre los riesgos de las sustancias, evaluar necesidades individuales, ofrecer asesoramiento y apoyo, colaborar con otros profesionales y desarrollar programas educativos. <\/p>\n\n\n\n<p>Tambi\u00e9n contribuyen al seguimiento de las personas en su recuperaci\u00f3n y eval\u00faan la efectividad de los programas. <\/p>\n<\/div><\/div>\n<\/div><\/div><\/div>\n\n\n\n<div class=\"wp-block-gutenverse-column guten-element guten-column guten-GV8Nv8 animated guten-element-hide desktop-fadeInUp\"><div class=\"guten-background-overlay\"><\/div><div class=\"sticky-wrapper\" data-id=\"GV8Nv8\"><div class=\"guten-column-wrapper\">\n<h5 class=\"wp-block-gutenverse-heading guten-element guten-4wekUX\">Funciones de seguimiento y apoyo<\/h5>\n\n\n\n<div class=\"guten-element gutenverse-text-editor guten-aVkyMD\"><div class=\"text-content-inner\">\n<p>Los profesionales de la educaci\u00f3n social trabajan a nivel individual y tambi\u00e9n a nivel comunitario.<\/p>\n\n\n\n<p>En el d\u00eda a d\u00eda de las personas, establecemos pautas de intervenci\u00f3n donde paulatinamente valoramos los progresos en la consecuci\u00f3n de sus objetivos y planes de su proyecto vital.<\/p>\n<\/div><\/div>\n<\/div><\/div><\/div>\n<\/div><\/section><\/div>\n\n\n\n<div class=\"guten-element guten-button-wrapper guten-CN89Aw\"><a class=\"guten-button guten-button-md\" href=\"http:\/\/74.234.24.151\/areas-programas\/\"><span>VOLVER A \u00c1REAS<\/span><\/a><\/div>","protected":false},"excerpt":{"rendered":"<p>Dime y lo olvido. Ens\u00e9\u00f1ame y lo recuerdo. Invol\u00facrame y lo aprendo &#8211; Benjamin Franklin &#8211;<\/p>","protected":false},"author":2,"featured_media":2581,"parent":967,"menu_order":0,"comment_status":"closed","ping_status":"closed","template":"","meta":{"iawp_total_views":171,"footnotes":""},"class_list":["post-2190","page","type-page","status-publish","has-post-thumbnail","hentry"],"_links":{"self":[{"href":"https:\/\/xn--acladcorua-19a.es\/gl\/wp-json\/wp\/v2\/pages\/2190"}],"collection":[{"href":"https:\/\/xn--acladcorua-19a.es\/gl\/wp-json\/wp\/v2\/pages"}],"about":[{"href":"https:\/\/xn--acladcorua-19a.es\/gl\/wp-json\/wp\/v2\/types\/page"}],"author":[{"embeddable":true,"href":"https:\/\/xn--acladcorua-19a.es\/gl\/wp-json\/wp\/v2\/users\/2"}],"replies":[{"embeddable":true,"href":"https:\/\/xn--acladcorua-19a.es\/gl\/wp-json\/wp\/v2\/comments?post=2190"}],"version-history":[{"count":5,"href":"https:\/\/xn--acladcorua-19a.es\/gl\/wp-json\/wp\/v2\/pages\/2190\/revisions"}],"predecessor-version":[{"id":2259,"href":"https:\/\/xn--acladcorua-19a.es\/gl\/wp-json\/wp\/v2\/pages\/2190\/revisions\/2259"}],"up":[{"embeddable":true,"href":"https:\/\/xn--acladcorua-19a.es\/gl\/wp-json\/wp\/v2\/pages\/967"}],"wp:featuredmedia":[{"embeddable":true,"href":"https:\/\/xn--acladcorua-19a.es\/gl\/wp-json\/wp\/v2\/media\/2581"}],"wp:attachment":[{"href":"https:\/\/xn--acladcorua-19a.es\/gl\/wp-json\/wp\/v2\/media?parent=2190"}],"curies":[{"name":"wp","href":"https:\/\/api.w.org\/{rel}","templated":true}]}}