{"id":232,"date":"2023-08-25T12:38:52","date_gmt":"2023-08-25T10:38:52","guid":{"rendered":"http:\/\/74.234.24.151\/?page_id=232"},"modified":"2023-08-25T12:40:04","modified_gmt":"2023-08-25T10:40:04","slug":"asistencia-2","status":"publish","type":"page","link":"https:\/\/xn--acladcorua-19a.es\/gl\/asistencia-2\/","title":{"rendered":"Asistencia"},"content":{"rendered":"<div class=\"section-wrapper\" data-id=\"XqfI3S\"><section class=\"wp-block-gutenverse-section guten-element guten-section guten-XqfI3S animated guten-element-hide slow desktop-fadeInLeft layout-boxed align-stretch\"><div class=\"guten-background-overlay\"><\/div><div class=\"guten-shape-divider guten-shape-divider-top\"><\/div><div class=\"guten-shape-divider guten-shape-divider-bottom\"><\/div><div class=\"guten-container guten-column-gap-default\">\n<div class=\"wp-block-gutenverse-column guten-element guten-column guten-ZUEzWx\"><div class=\"guten-background-overlay\"><\/div><div class=\"sticky-wrapper\" data-id=\"ZUEzWx\"><div class=\"guten-column-wrapper\">\n<figure class=\"wp-block-image aligncenter size-full has-custom-border is-style-default\"><img loading=\"lazy\" decoding=\"async\" width=\"361\" height=\"266\" src=\"http:\/\/74.234.24.151\/wp-content\/uploads\/2023\/08\/UAD-01-2.png\" alt=\"\" class=\"wp-image-369\" style=\"border-width:2px;border-radius:5px\" srcset=\"https:\/\/xn--acladcorua-19a.es\/wp-content\/uploads\/2023\/08\/UAD-01-2.png 361w, https:\/\/xn--acladcorua-19a.es\/wp-content\/uploads\/2023\/08\/UAD-01-2-300x221.png 300w, https:\/\/xn--acladcorua-19a.es\/wp-content\/uploads\/2023\/08\/UAD-01-2-16x12.png 16w\" sizes=\"(max-width: 361px) 100vw, 361px\" \/><\/figure>\n<\/div><\/div><\/div>\n\n\n\n<div class=\"wp-block-gutenverse-column guten-element guten-column guten-YdIR4P\"><div class=\"guten-background-overlay\"><\/div><div class=\"sticky-wrapper\" data-id=\"YdIR4P\"><div class=\"guten-column-wrapper\">\n<h2 class=\"wp-block-gutenverse-heading guten-element guten-0bZOOa\">Unidad Asistencial<\/h2>\n\n\n\n<div class=\"wp-block-gutenverse-divider guten-element guten-divider guten-WxcWyh\"><div class=\"guten-divider-wrapper\"><div class=\"guten-divider-default guten-divider-line guten-divider-regular\"><\/div><\/div><\/div>\n\n\n\n<p>Desde 1981, en la Unidad de D\u00eda de ACLAD nos ocupamos de la <strong>primera toma de contacto con los pacientes y sus familias<\/strong>. Llevamos a cabo procesos de orientaci\u00f3n, acogida, diagn\u00f3stico y dise\u00f1o de programas de intervenci\u00f3n adaptados a las necesidades individuales.<\/p>\n\n\n\n<p>A cada persona le asignamos un profesional de psiquiatr\u00eda, de psicolog\u00eda y de trabajo social, que de manera coordinada se ocupar\u00e1n de la asistencia bio-psico-social que necesite cada individuo.<\/p>\n\n\n\n<p>Ofrecemos adem\u00e1s informaci\u00f3n econ\u00f3mica, laboral y formativa, as\u00ed como orientaci\u00f3n a las familias y acompa\u00f1antes para que puedan colaborar activamente en el proceso de mejora del paciente.<\/p>\n<\/div><\/div><\/div>\n<\/div><\/section><\/div>\n\n\n\n<div class=\"section-wrapper\" data-id=\"Y6ojZ6\"><section class=\"wp-block-gutenverse-section guten-element guten-section guten-Y6ojZ6 animated guten-element-hide slow desktop-fadeInRight layout-boxed align-stretch\"><div class=\"guten-background-overlay\"><\/div><div class=\"guten-shape-divider guten-shape-divider-top\"><\/div><div class=\"guten-shape-divider guten-shape-divider-bottom\"><\/div><div class=\"guten-container guten-column-gap-default\">\n<div class=\"wp-block-gutenverse-column guten-element guten-column guten-EVXNcB\"><div class=\"guten-background-overlay\"><\/div><div class=\"sticky-wrapper\" data-id=\"EVXNcB\"><div class=\"guten-column-wrapper\">\n<h2 class=\"wp-block-gutenverse-heading guten-element guten-aNCbaZ\">Unidad de D\u00eda<\/h2>\n\n\n\n<div class=\"wp-block-gutenverse-divider guten-element guten-divider guten-akhzOT\"><div class=\"guten-divider-wrapper\"><div class=\"guten-divider-default guten-divider-line guten-divider-regular\"><\/div><\/div><\/div>\n\n\n\n<p class=\"has-intrace-body-text-2-color has-text-color\">Desde 1981, en la Unidad de D\u00eda de ACLAD nos ocupamos de la <strong>primera toma de contacto con los pacientes y sus familias<\/strong>. Llevamos a cabo procesos de orientaci\u00f3n, acogida, diagn\u00f3stico y dise\u00f1o de programas de intervenci\u00f3n adaptados a las necesidades individuales.<\/p>\n\n\n\n<p class=\"has-intrace-body-text-2-color has-text-color\">A cada persona le asignamos un profesional de psiquiatr\u00eda, de psicolog\u00eda y de trabajo social, que de manera coordinada se ocupar\u00e1n de la asistencia bio-psico-social que necesite cada individuo.<\/p>\n\n\n\n<p class=\"has-intrace-body-text-2-color has-text-color\">Ofrecemos adem\u00e1s informaci\u00f3n econ\u00f3mica, laboral y formativa, as\u00ed como orientaci\u00f3n a las familias y acompa\u00f1antes para que puedan colaborar activamente en el proceso de mejora del paciente.<\/p>\n<\/div><\/div><\/div>\n\n\n\n<div class=\"wp-block-gutenverse-column guten-element guten-column guten-BDgzZd\"><div class=\"guten-background-overlay\"><\/div><div class=\"sticky-wrapper\" data-id=\"BDgzZd\"><div class=\"guten-column-wrapper\">\n<figure class=\"wp-block-image size-full has-custom-border\"><img loading=\"lazy\" decoding=\"async\" width=\"361\" height=\"266\" src=\"http:\/\/74.234.24.151\/wp-content\/uploads\/2023\/08\/UAD-01-2.png\" alt=\"\" class=\"wp-image-369\" style=\"border-width:2px;border-radius:5px\" srcset=\"https:\/\/xn--acladcorua-19a.es\/wp-content\/uploads\/2023\/08\/UAD-01-2.png 361w, https:\/\/xn--acladcorua-19a.es\/wp-content\/uploads\/2023\/08\/UAD-01-2-300x221.png 300w, https:\/\/xn--acladcorua-19a.es\/wp-content\/uploads\/2023\/08\/UAD-01-2-16x12.png 16w\" sizes=\"(max-width: 361px) 100vw, 361px\" \/><\/figure>\n<\/div><\/div><\/div>\n<\/div><\/section><\/div>\n\n\n\n<div class=\"section-wrapper\" data-id=\"69KFOr\"><section class=\"wp-block-gutenverse-section guten-element guten-section guten-69KFOr animated guten-element-hide slow desktop-fadeInLeft layout-fullwidth align-stretch\"><div class=\"guten-background-overlay\"><\/div><div class=\"guten-shape-divider guten-shape-divider-top\"><\/div><div class=\"guten-shape-divider guten-shape-divider-bottom\"><\/div><div class=\"guten-container guten-column-gap-default\">\n<div class=\"wp-block-gutenverse-column guten-element guten-column guten-ou7QlB\"><div class=\"guten-background-overlay\"><\/div><div class=\"sticky-wrapper\" data-id=\"ou7QlB\"><div class=\"guten-column-wrapper\">\n<figure class=\"wp-block-image size-full has-custom-border is-style-default\"><img loading=\"lazy\" decoding=\"async\" width=\"361\" height=\"266\" src=\"http:\/\/74.234.24.151\/wp-content\/uploads\/2023\/08\/UAD-01-2.png\" alt=\"\" class=\"has-border-color has-intrace-border-border-color wp-image-369\" style=\"border-width:2px;border-radius:5px\" srcset=\"https:\/\/xn--acladcorua-19a.es\/wp-content\/uploads\/2023\/08\/UAD-01-2.png 361w, https:\/\/xn--acladcorua-19a.es\/wp-content\/uploads\/2023\/08\/UAD-01-2-300x221.png 300w, https:\/\/xn--acladcorua-19a.es\/wp-content\/uploads\/2023\/08\/UAD-01-2-16x12.png 16w\" sizes=\"(max-width: 361px) 100vw, 361px\" \/><\/figure>\n<\/div><\/div><\/div>\n\n\n\n<div class=\"wp-block-gutenverse-column guten-element guten-column guten-urartT\"><div class=\"guten-background-overlay\"><\/div><div class=\"sticky-wrapper\" data-id=\"urartT\"><div class=\"guten-column-wrapper\">\n<h2 class=\"wp-block-gutenverse-heading guten-element guten-ndkVPJ\">Comunidad Terap\u00e9utica<\/h2>\n\n\n\n<div class=\"wp-block-gutenverse-divider guten-element guten-divider guten-2rX91e\"><div class=\"guten-divider-wrapper\"><div class=\"guten-divider-default guten-divider-line guten-divider-regular\"><\/div><\/div><\/div>\n\n\n\n<p>Desde 1981, en la Unidad de D\u00eda de ACLAD nos ocupamos de la <strong>primera toma de contacto con los pacientes y sus familias<\/strong>. Llevamos a cabo procesos de orientaci\u00f3n, acogida, diagn\u00f3stico y dise\u00f1o de programas de intervenci\u00f3n adaptados a las necesidades individuales.<\/p>\n\n\n\n<p>A cada persona le asignamos un profesional de psiquiatr\u00eda, de psicolog\u00eda y de trabajo social, que de manera coordinada se ocupar\u00e1n de la asistencia bio-psico-social que necesite cada individuo.<\/p>\n\n\n\n<p>Ofrecemos adem\u00e1s informaci\u00f3n econ\u00f3mica, laboral y formativa, as\u00ed como orientaci\u00f3n a las familias y acompa\u00f1antes para que puedan colaborar activamente en el proceso de mejora del paciente.<\/p>\n<\/div><\/div><\/div>\n<\/div><\/section><\/div>\n\n\n\n<div class=\"section-wrapper\" data-id=\"xPmgY3\"><section class=\"wp-block-gutenverse-section guten-element guten-section guten-xPmgY3 layout-boxed align-stretch\"><div class=\"guten-background-overlay\"><\/div><div class=\"guten-shape-divider guten-shape-divider-top\"><\/div><div class=\"guten-shape-divider guten-shape-divider-bottom\"><\/div><div class=\"guten-container guten-column-gap-default\">\n<div class=\"wp-block-gutenverse-column guten-element guten-column guten-Q8QmLD\"><div class=\"guten-background-overlay\"><\/div><div class=\"sticky-wrapper\" data-id=\"Q8QmLD\"><div class=\"guten-column-wrapper\"><div  class=\"gutenverse guten-postblock postblock-type-1 guten-pagination-disable break-point-tablet post-element guten-ogIaVK\"  data-id=\"guten-ogIaVK\" data-settings=\"{&quot;elementId&quot;:&quot;guten-ogIaVK&quot;,&quot;metaAuthorEnabled&quot;:false,&quot;postItemMargin&quot;:{&quot;Desktop&quot;:[]},&quot;postItemPadding&quot;:{&quot;Desktop&quot;:[]},&quot;postItemBorder&quot;:{&quot;radius&quot;:{&quot;Desktop&quot;:[]}},&quot;thumbnailRadius&quot;:{&quot;Desktop&quot;:[]},&quot;paginationMargin&quot;:{&quot;Desktop&quot;:[]},&quot;paginationPadding&quot;:{&quot;Desktop&quot;:[]},&quot;paginationBorder&quot;:{&quot;radius&quot;:{&quot;Desktop&quot;:[]}},&quot;inheritQuery&quot;:true,&quot;postType&quot;:&quot;post&quot;,&quot;numberPost&quot;:3,&quot;postOffset&quot;:0,&quot;column&quot;:[],&quot;includePost&quot;:[],&quot;excludePost&quot;:[],&quot;includeCategory&quot;:[],&quot;excludeCategory&quot;:[],&quot;includeAuthor&quot;:[],&quot;includeTag&quot;:[],&quot;excludeTag&quot;:[],&quot;htmlTag&quot;:&quot;h3&quot;,&quot;categoryEnabled&quot;:true,&quot;categoryPosition&quot;:&quot;center&quot;,&quot;excerptEnabled&quot;:true,&quot;excerptLength&quot;:20,&quot;excerptMore&quot;:&quot;...&quot;,&quot;readmoreEnabled&quot;:true,&quot;readmoreIcon&quot;:&quot;fas fa-arrow-right&quot;,&quot;readmoreIconPosition&quot;:&quot;after&quot;,&quot;readmoreText&quot;:&quot;Read More&quot;,&quot;commentEnabled&quot;:false,&quot;commentIcon&quot;:&quot;fas fa-comment&quot;,&quot;commentIconPosition&quot;:&quot;before&quot;,&quot;metaEnabled&quot;:true,&quot;metaAuthorByText&quot;:&quot;by&quot;,&quot;metaAuthorIcon&quot;:&quot;fas fa-user&quot;,&quot;metaAuthorIconPosition&quot;:&quot;before&quot;,&quot;metaDateEnabled&quot;:true,&quot;metaDateType&quot;:&quot;published&quot;,&quot;metaDateFormat&quot;:&quot;default&quot;,&quot;metaDateFormatCustom&quot;:&quot;&quot;,&quot;metaDateIcon&quot;:&quot;fas fa-clock&quot;,&quot;metaDateIconPosition&quot;:&quot;before&quot;,&quot;postblockType&quot;:&quot;type-1&quot;,&quot;breakpoint&quot;:&quot;tablet&quot;,&quot;noContentText&quot;:&quot;No Content&quot;,&quot;paginationMode&quot;:&quot;disable&quot;,&quot;paginationLoadmoreText&quot;:&quot;Load More&quot;,&quot;paginationLoadingText&quot;:&quot;Loading...&quot;,&quot;paginationNumberPost&quot;:3,&quot;paginationScrollLimit&quot;:0,&quot;paginationIcon&quot;:&quot;&quot;,&quot;paginationIconPosition&quot;:&quot;before&quot;,&quot;background&quot;:[],&quot;backgroundHover&quot;:[],&quot;animation&quot;:[],&quot;paginationPrevNextText&quot;:true,&quot;paginationPrevText&quot;:&quot;Prev&quot;,&quot;paginationNextText&quot;:&quot;Next&quot;,&quot;paginationPrevIcon&quot;:&quot;fas fa-chevron-left&quot;,&quot;paginationNextIcon&quot;:&quot;fas fa-chevron-right&quot;,&quot;paged&quot;:1,&quot;class&quot;:null}\"><div class=\"guten-block-container\">\n            <div class=\"guten-posts guten-ajax-flag\">\n            <article class=\"guten-post post-2736 post type-post status-publish format-standard hentry category-noticias\">\n                    <div class=\"guten-thumb\"><a href=\"javascript:void(0);\" data-href=\"https:\/\/xn--acladcorua-19a.es\/gl\/2026\/01\/15\/fallece-amalia-garea-una-estrecha-colaboradora-en-el-movimiento-vecinal-de-la-actual-presidenta-de-aclad\/\"><div class=\"thumbnail-container no_thumbnail\">\n            \n\t\t\t<div class=\"guten-overlay\"><\/div>\n        <\/div><\/a><\/div>\n                    <div class=\"guten-postblock-content\"><div class=\"guten-post-category\"><span><a href=\"javascript:void(0);\" data-href=\"https:\/\/xn--acladcorua-19a.es\/gl\/category\/noticias\/\" class=\"category-noticias\">NOTICIAS<\/a><\/span><\/div><h3 class=\"guten-post-title\"><a href=\"javascript:void(0);\" data-href=\"https:\/\/xn--acladcorua-19a.es\/gl\/2026\/01\/15\/fallece-amalia-garea-una-estrecha-colaboradora-en-el-movimiento-vecinal-de-la-actual-presidenta-de-aclad\/\">FALLECE AMALIA GAREA, UNA ESTRECHA COLABORADORA EN EL MOVIMIENTO VECINAL DE LA ACTUAL PRESIDENTA DE ACLAD.<\/a><\/h3>\n                <div class=\"guten-post-meta\"><div class=\"guten-meta-date icon-position-before\"><i aria-hidden=\"true\" class=\"fas fa-clock\"><\/i>15\/01\/2026<\/div><\/div><div class=\"guten-post-excerpt\"><p>Amalia Garea fue referente del movimiento vecinal en el barrio del Ventorrillo y una estrecha colaboradora en los a\u00f1os en&#8230;<\/p><\/div>\n            <div class=\"guten-post-meta-bottom\">\n                <div class=\"guten-meta-readmore icon-position-after\">\n                <a href=\"javascript:void(0);\" data-href=\"https:\/\/xn--acladcorua-19a.es\/gl\/2026\/01\/15\/fallece-amalia-garea-una-estrecha-colaboradora-en-el-movimiento-vecinal-de-la-actual-presidenta-de-aclad\/\" class=\"guten-readmore\">Read More<i aria-hidden=\"true\" class=\"fas fa-arrow-right\"><\/i><\/a>\n            <\/div>\n            <\/div><\/div>\n                <\/article><article class=\"guten-post post-2731 post type-post status-publish format-standard hentry category-uncategorized\">\n                    <div class=\"guten-thumb\"><a href=\"javascript:void(0);\" data-href=\"https:\/\/xn--acladcorua-19a.es\/gl\/2025\/09\/11\/reunion-entre-aclad-y-utaca\/\"><div class=\"thumbnail-container no_thumbnail\">\n            \n\t\t\t<div class=\"guten-overlay\"><\/div>\n        <\/div><\/a><\/div>\n                    <div class=\"guten-postblock-content\"><div class=\"guten-post-category\"><span><a href=\"javascript:void(0);\" data-href=\"https:\/\/xn--acladcorua-19a.es\/gl\/category\/uncategorized\/\" class=\"category-uncategorized\">Uncategorized<\/a><\/span><\/div><h3 class=\"guten-post-title\"><a href=\"javascript:void(0);\" data-href=\"https:\/\/xn--acladcorua-19a.es\/gl\/2025\/09\/11\/reunion-entre-aclad-y-utaca\/\">REUNI\u00d3N ENTRE ACLAD Y UTACA<\/a><\/h3>\n                <div class=\"guten-post-meta\"><div class=\"guten-meta-date icon-position-before\"><i aria-hidden=\"true\" class=\"fas fa-clock\"><\/i>11\/09\/2025<\/div><\/div><div class=\"guten-post-excerpt\"><p>La presidenta de ACLAD, Rosa Barreiro, acompa\u00f1ados por la Vicepresidenta, Marta Marcos y el Secretario Manuel Amado, han realizado una&#8230;<\/p><\/div>\n            <div class=\"guten-post-meta-bottom\">\n                <div class=\"guten-meta-readmore icon-position-after\">\n                <a href=\"javascript:void(0);\" data-href=\"https:\/\/xn--acladcorua-19a.es\/gl\/2025\/09\/11\/reunion-entre-aclad-y-utaca\/\" class=\"guten-readmore\">Read More<i aria-hidden=\"true\" class=\"fas fa-arrow-right\"><\/i><\/a>\n            <\/div>\n            <\/div><\/div>\n                <\/article><article class=\"guten-post post-2722 post type-post status-publish format-standard hentry category-uncategorized\">\n                    <div class=\"guten-thumb\"><a href=\"javascript:void(0);\" data-href=\"https:\/\/xn--acladcorua-19a.es\/gl\/2025\/09\/08\/demasiada-cocaina-y-escasos-resultados\/\"><div class=\"thumbnail-container no_thumbnail\">\n            \n\t\t\t<div class=\"guten-overlay\"><\/div>\n        <\/div><\/a><\/div>\n                    <div class=\"guten-postblock-content\"><div class=\"guten-post-category\"><span><a href=\"javascript:void(0);\" data-href=\"https:\/\/xn--acladcorua-19a.es\/gl\/category\/uncategorized\/\" class=\"category-uncategorized\">Uncategorized<\/a><\/span><\/div><h3 class=\"guten-post-title\"><a href=\"javascript:void(0);\" data-href=\"https:\/\/xn--acladcorua-19a.es\/gl\/2025\/09\/08\/demasiada-cocaina-y-escasos-resultados\/\">DEMASIADA COCAINA Y ESCASOS RESULTADOS<\/a><\/h3>\n                <div class=\"guten-post-meta\"><div class=\"guten-meta-date icon-position-before\"><i aria-hidden=\"true\" class=\"fas fa-clock\"><\/i>08\/09\/2025<\/div><\/div><div class=\"guten-post-excerpt\"><p>Con el 2025 en su recta final, el balance en las R\u00edas Baixas evidencia que la llegada de alijos sigue&#8230;<\/p><\/div>\n            <div class=\"guten-post-meta-bottom\">\n                <div class=\"guten-meta-readmore icon-position-after\">\n                <a href=\"javascript:void(0);\" data-href=\"https:\/\/xn--acladcorua-19a.es\/gl\/2025\/09\/08\/demasiada-cocaina-y-escasos-resultados\/\" class=\"guten-readmore\">Read More<i aria-hidden=\"true\" class=\"fas fa-arrow-right\"><\/i><\/a>\n            <\/div>\n            <\/div><\/div>\n                <\/article>\n        <\/div>\n        <\/div><\/div><\/div><\/div><\/div>\n<\/div><\/section><\/div>","protected":false},"excerpt":{"rendered":"","protected":false},"author":2,"featured_media":0,"parent":0,"menu_order":0,"comment_status":"closed","ping_status":"closed","template":"","meta":{"iawp_total_views":298,"footnotes":""},"class_list":["post-232","page","type-page","status-publish","hentry"],"_links":{"self":[{"href":"https:\/\/xn--acladcorua-19a.es\/gl\/wp-json\/wp\/v2\/pages\/232"}],"collection":[{"href":"https:\/\/xn--acladcorua-19a.es\/gl\/wp-json\/wp\/v2\/pages"}],"about":[{"href":"https:\/\/xn--acladcorua-19a.es\/gl\/wp-json\/wp\/v2\/types\/page"}],"author":[{"embeddable":true,"href":"https:\/\/xn--acladcorua-19a.es\/gl\/wp-json\/wp\/v2\/users\/2"}],"replies":[{"embeddable":true,"href":"https:\/\/xn--acladcorua-19a.es\/gl\/wp-json\/wp\/v2\/comments?post=232"}],"version-history":[{"count":39,"href":"https:\/\/xn--acladcorua-19a.es\/gl\/wp-json\/wp\/v2\/pages\/232\/revisions"}],"predecessor-version":[{"id":1128,"href":"https:\/\/xn--acladcorua-19a.es\/gl\/wp-json\/wp\/v2\/pages\/232\/revisions\/1128"}],"wp:attachment":[{"href":"https:\/\/xn--acladcorua-19a.es\/gl\/wp-json\/wp\/v2\/media?parent=232"}],"curies":[{"name":"wp","href":"https:\/\/api.w.org\/{rel}","templated":true}]}}