{"id":2383,"date":"2024-01-17T17:36:53","date_gmt":"2024-01-17T16:36:53","guid":{"rendered":"http:\/\/74.234.24.151\/?page_id=2383"},"modified":"2024-01-17T17:50:33","modified_gmt":"2024-01-17T16:50:33","slug":"atencion-especifica","status":"publish","type":"page","link":"https:\/\/xn--acladcorua-19a.es\/gl\/recursos\/atencion-especifica\/","title":{"rendered":"Atenci\u00f3n Espec\u00edfica"},"content":{"rendered":"<p><\/p>\n\n\n\n<div class=\"section-wrapper\" data-id=\"phucwG\"><section class=\"wp-block-gutenverse-section guten-element guten-section guten-phucwG layout-fullwidth align-stretch\"><div class=\"guten-background-overlay\"><\/div><div class=\"guten-shape-divider guten-shape-divider-top\"><\/div><div class=\"guten-shape-divider guten-shape-divider-bottom\"><\/div><div class=\"guten-container guten-column-gap-no\">\n<div class=\"wp-block-gutenverse-column guten-element guten-column guten-vDd6Yf\"><div class=\"guten-background-overlay\"><\/div><div class=\"sticky-wrapper\" data-id=\"vDd6Yf\"><div class=\"guten-column-wrapper\">\n<h2 class=\"wp-block-gutenverse-heading guten-element guten-7XSY9p animated guten-element-hide desktop-fadeInLeft\">Las oportunidades no ocurren, las creas<\/h2>\n\n\n\n<div class=\"section-wrapper\" data-id=\"sXfPmY\"><section class=\"wp-block-gutenverse-section guten-element guten-section guten-sXfPmY layout-boxed align-stretch\"><div class=\"guten-background-overlay\"><\/div><div class=\"guten-shape-divider guten-shape-divider-top\"><\/div><div class=\"guten-shape-divider guten-shape-divider-bottom\"><\/div><div class=\"guten-container guten-column-gap-no\">\n<div class=\"wp-block-gutenverse-column guten-element guten-column guten-fKhp33 animated guten-element-hide desktop-fadeInUp\"><div class=\"guten-background-overlay\"><\/div><div class=\"sticky-wrapper\" data-id=\"fKhp33\"><div class=\"guten-column-wrapper\">\n<div class=\"guten-element guten-KjAbux guten-icon-box icon-position-undefined\"><div class=\"guten-icon-box-wrapper hover-from-left\"><div class=\"icon-box icon-box-header\"><div class=\"icon style-color\"><i class=\"gtn gtn-team-1-line\"><\/i><\/div><\/div><div class=\"icon-box icon-box-body\"><h2 class=\"title\">Mujeres<\/h2><p class=\"icon-box-description\">Las mujeres pueden enfrentar desaf\u00edos \u00fanicos relacionados con las drogodependencias. <br><br>Pueden ser m\u00e1s vulnerables a ciertos efectos de las drogas debido a diferencias biol\u00f3gicas y pueden experimentar presiones sociales o culturales espec\u00edficas que influyen en sus patrones de consumo. <br><br>Adem\u00e1s, las mujeres embarazadas que consumen sustancias pueden exponer a sus hijos a riesgos adicionales. <br><br>Por todo ello cuentan con un programa espec\u00edfico orientado a cubrir sus necesidades.<\/p><\/div><\/div><\/div>\n<\/div><\/div><\/div>\n\n\n\n<div class=\"wp-block-gutenverse-column guten-element guten-column guten-lrIkYI animated guten-element-hide desktop-fadeInUp\"><div class=\"guten-background-overlay\"><\/div><div class=\"sticky-wrapper\" data-id=\"lrIkYI\"><div class=\"guten-column-wrapper\">\n<div class=\"guten-element guten-RKUOwQ guten-icon-box icon-position-undefined\"><div class=\"guten-icon-box-wrapper hover-from-left\"><div class=\"icon-box icon-box-header\"><div class=\"icon style-color\"><i class=\"gtn gtn-Family-light\"><\/i><\/div><\/div><div class=\"icon-box icon-box-body\"><h2 class=\"title\">Familias<\/h2><p class=\"icon-box-description\">El impacto de la adicci\u00f3n no solo afecta a la persona que la padece sino tambi\u00e9n a sus seres queridos. <br><br>Los grupos de familias son una parte fundamental del proceso de recuperaci\u00f3n cuyo objetivo es mejorar la convivencia familiar, proporcionar apoyo, compartir experiencias y aprender estrategias para afrontar los desaf\u00edos que surgen durante el proceso de deshabituaci\u00f3n.<br><br>En los grupos se comparten herramientas y habilidades para mejorar situaciones de tensi\u00f3n, ansiedad y malestar. <br><br>Se ofrece un ambiente confidencial de comprensi\u00f3n y apoyo mutuo, a la vez que se proporciona informaci\u00f3n y orientaci\u00f3n sobre la naturaleza de la adicci\u00f3n, comunicaci\u00f3n, gesti\u00f3n emocional o prevenci\u00f3n de reca\u00eddas.<br><br>El fin \u00faltimo consiste en empoderar a las familias para que cuiden de s\u00ed mismas, afronten los desaf\u00edos diarios y se conviertan en parte eficaz del tratamiento de su familiar, todo ello dentro del marco de la parentalidad positiva.<\/p><\/div><\/div><\/div>\n<\/div><\/div><\/div>\n\n\n\n<div class=\"wp-block-gutenverse-column guten-element guten-column guten-pUx1gP animated guten-element-hide desktop-fadeInUp\"><div class=\"guten-background-overlay\"><\/div><div class=\"sticky-wrapper\" data-id=\"pUx1gP\"><div class=\"guten-column-wrapper\">\n<div class=\"guten-element guten-Ws6mhc guten-icon-box icon-position-undefined\"><div class=\"guten-icon-box-wrapper hover-from-left\"><div class=\"icon-box icon-box-header\"><div class=\"icon style-color\"><i class=\"gtn gtn-users1-light\"><\/i><\/div><\/div><div class=\"icon-box icon-box-body\"><h2 class=\"title\">J\u00f3venes<\/h2><p class=\"icon-box-description\">Los j\u00f3venes son un grupo especialmente vulnerable a las drogodependencias debido a factores como la presi\u00f3n de grupo, la curiosidad, la b\u00fasqueda de identidad o la falta de experiencia. <br><br>El consumo de sustancias durante la adolescencia puede tener consecuencias a largo plazo en el desarrollo cognitivo y emocional. <br><br>Por lo tanto, abordar las drogodependencias en los j\u00f3venes implica estrategias preventivas, educativas y de apoyo para reducir los riesgos y promover un estilo de vida saludable.<br>\u00a0<br>Los enfoques espec\u00edficos para estos grupos poblacionales pueden incluir programas de educaci\u00f3n, servicios de atenci\u00f3n m\u00e9dica especializada, intervenciones familiares y estrategias de prevenci\u00f3n adaptadas a las necesidades particulares de los j\u00f3venes en riesgo de drogodependencias.<\/p><\/div><\/div><\/div>\n<\/div><\/div><\/div>\n<\/div><\/section><\/div>\n<\/div><\/div><\/div>\n<\/div><\/section><\/div>","protected":false},"excerpt":{"rendered":"","protected":false},"author":2,"featured_media":449,"parent":24,"menu_order":0,"comment_status":"closed","ping_status":"closed","template":"","meta":{"iawp_total_views":346,"footnotes":""},"class_list":["post-2383","page","type-page","status-publish","has-post-thumbnail","hentry"],"_links":{"self":[{"href":"https:\/\/xn--acladcorua-19a.es\/gl\/wp-json\/wp\/v2\/pages\/2383"}],"collection":[{"href":"https:\/\/xn--acladcorua-19a.es\/gl\/wp-json\/wp\/v2\/pages"}],"about":[{"href":"https:\/\/xn--acladcorua-19a.es\/gl\/wp-json\/wp\/v2\/types\/page"}],"author":[{"embeddable":true,"href":"https:\/\/xn--acladcorua-19a.es\/gl\/wp-json\/wp\/v2\/users\/2"}],"replies":[{"embeddable":true,"href":"https:\/\/xn--acladcorua-19a.es\/gl\/wp-json\/wp\/v2\/comments?post=2383"}],"version-history":[{"count":6,"href":"https:\/\/xn--acladcorua-19a.es\/gl\/wp-json\/wp\/v2\/pages\/2383\/revisions"}],"predecessor-version":[{"id":2391,"href":"https:\/\/xn--acladcorua-19a.es\/gl\/wp-json\/wp\/v2\/pages\/2383\/revisions\/2391"}],"up":[{"embeddable":true,"href":"https:\/\/xn--acladcorua-19a.es\/gl\/wp-json\/wp\/v2\/pages\/24"}],"wp:featuredmedia":[{"embeddable":true,"href":"https:\/\/xn--acladcorua-19a.es\/gl\/wp-json\/wp\/v2\/media\/449"}],"wp:attachment":[{"href":"https:\/\/xn--acladcorua-19a.es\/gl\/wp-json\/wp\/v2\/media?parent=2383"}],"curies":[{"name":"wp","href":"https:\/\/api.w.org\/{rel}","templated":true}]}}