{"id":2700,"date":"2025-02-06T11:00:04","date_gmt":"2025-02-06T10:00:04","guid":{"rendered":"https:\/\/xn--acladcorua-19a.es\/?page_id=2700"},"modified":"2025-02-06T11:00:04","modified_gmt":"2025-02-06T10:00:04","slug":"calidad","status":"publish","type":"page","link":"https:\/\/xn--acladcorua-19a.es\/gl\/calidad\/","title":{"rendered":"Calidad"},"content":{"rendered":"<h2 class=\"wp-block-heading\">POL\u00cdTICA DE GESTI\u00d3N DE CALIDAD<\/h2>\n\n\n\n<p><strong>ACLAD<\/strong> como asociaci\u00f3n sin \u00e1nimo de lucro destinada a la atenci\u00f3n de drogodependientes y sus familias adquiere el firme compromiso de establecer un Sistema de Gesti\u00f3n que cumpla con los requisitos de la norma ISO 9001<\/p>\n\n\n\n<p>Para evidenciar este compromiso, <strong>ACLAD<\/strong> establece los siguientes objetivos generales:<\/p>\n\n\n\n<ul class=\"wp-block-list\">\n<li><em>SATISFACER LAS NECESIDADES DE SUS USUARIOS e incrementar permanentemente su percepci\u00f3n de la calidad en nuestros servicios.<\/em><\/li>\n\n\n\n<li><em>GARANTIZAR EL CUMPLIMIENTO DE LOS COMPROMISOS ADQUIRIDOS tanto con la Administraci\u00f3n como con usuarios. Cumpliendo con la legislaci\u00f3n y reglamentaci\u00f3n que afecta al servicio.<\/em><\/li>\n\n\n\n<li><em>MOTIVAR Y FORMAR PERMANENTEMENTE A LAS PERSONAS que forman parte de nuestra organizaci\u00f3n respecto a la mejora continua de la calidad del servicio.<\/em><\/li>\n\n\n\n<li><em>PREVENIR ERRORES <\/em><em>realizar las medidas correctivas oportunas derivadas de los resultados del seguimiento, auditor\u00edas internas o variaciones efectuadas en los procesos.<\/em><\/li>\n\n\n\n<li><em>COMUNICACI\u00d3N<\/em><em> Fomentar el di\u00e1logo con <\/em><em>las partes interesadas<\/em><em> sobre el desempe\u00f1o de la organizaci\u00f3n.<\/em><\/li>\n\n\n\n<li><em>FOMENTAR LA MEJORA CONTINUA: <\/em><em>como un objetivo permanente, que incremente la calidad del servicio.<\/em><\/li>\n<\/ul>\n\n\n\n<p><br>Esta Pol\u00edtica del Sistema de Gesti\u00f3n servir\u00e1 como marco para el establecimiento de los Objetivos anuales, y para su revisi\u00f3n. Ser\u00e1 revisada peri\u00f3dicamente con el fin de verificar su adecuaci\u00f3n a la forma real de actuar de la asociaci\u00f3n. Con el fin de que sea conocida por el Personal de la Empresa y otras partes interesadas, la Pol\u00edtica del Sistema de Gesti\u00f3n ser\u00e1 expuesta p\u00fablicamente en las instalaciones de <strong>ACLAD<\/strong><\/p>\n\n\n\n<div data-wp-interactive=\"core\/file\" class=\"wp-block-file\"><object data-wp-bind--hidden=\"!state.hasPdfPreview\"  class=\"wp-block-file__embed\" data=\"https:\/\/xn--acladcorua-19a.es\/wp-content\/uploads\/2025\/02\/11240-Aclad-9001-2015-2023-05.pdf\" type=\"application\/pdf\" style=\"width:100%;height:600px\" aria-label=\"Incrustado de 11240 Aclad 9001 2015 2023 05.\"><\/object><a id=\"wp-block-file--media-0820331a-ecb7-486d-966e-396487ab238b\" href=\"https:\/\/xn--acladcorua-19a.es\/wp-content\/uploads\/2025\/02\/11240-Aclad-9001-2015-2023-05.pdf\">11240 Aclad 9001 2015 2023 05<\/a><a href=\"https:\/\/xn--acladcorua-19a.es\/wp-content\/uploads\/2025\/02\/11240-Aclad-9001-2015-2023-05.pdf\" class=\"wp-block-file__button wp-element-button\" download aria-describedby=\"wp-block-file--media-0820331a-ecb7-486d-966e-396487ab238b\">Descarga<\/a><\/div>\n\n\n\n<p><\/p>","protected":false},"excerpt":{"rendered":"<p>POL\u00cdTICA DE GESTI\u00d3N DE CALIDAD ACLAD como asociaci\u00f3n sin \u00e1nimo de lucro destinada a la atenci\u00f3n de drogodependientes y sus familias adquiere el firme compromiso de establecer un Sistema de Gesti\u00f3n que cumpla con los requisitos de la norma ISO 9001 Para evidenciar este compromiso, ACLAD establece los siguientes objetivos generales: Esta Pol\u00edtica del Sistema de Gesti\u00f3n servir\u00e1 como marco para el establecimiento de los Objetivos anuales, y para su revisi\u00f3n. Ser\u00e1 revisada peri\u00f3dicamente con el fin de verificar su adecuaci\u00f3n a la forma real de actuar de la asociaci\u00f3n. Con el fin de que sea conocida por el Personal<\/p>","protected":false},"author":2,"featured_media":0,"parent":0,"menu_order":0,"comment_status":"closed","ping_status":"closed","template":"","meta":{"iawp_total_views":297,"footnotes":""},"class_list":["post-2700","page","type-page","status-publish","hentry"],"_links":{"self":[{"href":"https:\/\/xn--acladcorua-19a.es\/gl\/wp-json\/wp\/v2\/pages\/2700"}],"collection":[{"href":"https:\/\/xn--acladcorua-19a.es\/gl\/wp-json\/wp\/v2\/pages"}],"about":[{"href":"https:\/\/xn--acladcorua-19a.es\/gl\/wp-json\/wp\/v2\/types\/page"}],"author":[{"embeddable":true,"href":"https:\/\/xn--acladcorua-19a.es\/gl\/wp-json\/wp\/v2\/users\/2"}],"replies":[{"embeddable":true,"href":"https:\/\/xn--acladcorua-19a.es\/gl\/wp-json\/wp\/v2\/comments?post=2700"}],"version-history":[{"count":3,"href":"https:\/\/xn--acladcorua-19a.es\/gl\/wp-json\/wp\/v2\/pages\/2700\/revisions"}],"predecessor-version":[{"id":2704,"href":"https:\/\/xn--acladcorua-19a.es\/gl\/wp-json\/wp\/v2\/pages\/2700\/revisions\/2704"}],"wp:attachment":[{"href":"https:\/\/xn--acladcorua-19a.es\/gl\/wp-json\/wp\/v2\/media?parent=2700"}],"curies":[{"name":"wp","href":"https:\/\/api.w.org\/{rel}","templated":true}]}}