{"id":503,"date":"2023-08-14T12:10:38","date_gmt":"2023-08-14T10:10:38","guid":{"rendered":"http:\/\/74.234.24.151\/?page_id=503"},"modified":"2024-05-29T12:14:39","modified_gmt":"2024-05-29T10:14:39","slug":"equipo","status":"publish","type":"page","link":"https:\/\/xn--acladcorua-19a.es\/gl\/equipo\/","title":{"rendered":"Equipo"},"content":{"rendered":"<div class=\"wp-block-group is-layout-constrained wp-block-group-is-layout-constrained\">\n<div class=\"section-wrapper\" data-id=\"AQI0ZS\"><section class=\"wp-block-gutenverse-section guten-element guten-section guten-AQI0ZS animated guten-element-hide desktop-slideInRight layout-boxed align-stretch\"><div class=\"guten-background-overlay\"><\/div><div class=\"guten-shape-divider guten-shape-divider-top\"><\/div><div class=\"guten-shape-divider guten-shape-divider-bottom\"><\/div><div class=\"guten-container guten-column-gap-default\">\n<div class=\"wp-block-gutenverse-column guten-element guten-column guten-S5GWvS\"><div class=\"guten-background-overlay\"><\/div><div class=\"sticky-wrapper\" data-id=\"S5GWvS\"><div class=\"guten-column-wrapper\">\n<div class=\"section-wrapper\" data-id=\"wknD8w\"><section class=\"wp-block-gutenverse-section guten-element guten-section guten-wknD8w layout-fullwidth align-stretch\"><div class=\"guten-background-overlay\"><\/div><div class=\"guten-shape-divider guten-shape-divider-top\"><\/div><div class=\"guten-shape-divider guten-shape-divider-bottom\"><\/div><div class=\"guten-container guten-column-gap-default\">\n<div class=\"wp-block-gutenverse-column guten-element guten-column guten-9DHPDh\"><div class=\"guten-background-overlay\"><\/div><div class=\"sticky-wrapper\" data-id=\"9DHPDh\"><div class=\"guten-column-wrapper\">\n<p class=\"has-normal-font-size\">Si est\u00e1s lidiando con el consumo de drogas y est\u00e1s interesado en dejarlo atr\u00e1s, por favor, <strong>no dudes en comunicarte con nosotros<\/strong>. Queremos enfatizar que el tratamiento que ofrecemos es completamente <strong>gratuito<\/strong> y de <strong>car\u00e1cter voluntario<\/strong>.<\/p>\n<\/div><\/div><\/div>\n<\/div><\/section><\/div>\n<\/div><\/div><\/div>\n\n\n\n<div class=\"wp-block-gutenverse-column guten-element guten-column guten-oPEI7w animated guten-element-hide desktop-slideInRight\"><div class=\"guten-background-overlay\"><\/div><div class=\"sticky-wrapper\" data-id=\"oPEI7w\"><div class=\"guten-column-wrapper\">\n<figure class=\"wp-block-image aligncenter size-large\"><img decoding=\"async\" src=\"http:\/\/74.234.24.151\/wp-content\/uploads\/2023\/08\/image-team-1-1024x793.png\" alt=\"\" class=\"wp-image-905\"\/><\/figure>\n<\/div><\/div><\/div>\n<\/div><\/section><\/div>\n\n\n\n<div class=\"section-wrapper\" data-id=\"CH2vc8\"><section class=\"wp-block-gutenverse-section guten-element guten-section guten-CH2vc8 animated guten-element-hide desktop-slideInLeft layout-boxed align-stretch\"><div class=\"guten-background-overlay\"><\/div><div class=\"guten-shape-divider guten-shape-divider-top\"><\/div><div class=\"guten-shape-divider guten-shape-divider-bottom\"><\/div><div class=\"guten-container guten-column-gap-default\">\n<div class=\"wp-block-gutenverse-column guten-element guten-column guten-orr3JA animated guten-element-hide desktop-slideInLeft\"><div class=\"guten-background-overlay\"><\/div><div class=\"sticky-wrapper\" data-id=\"orr3JA\"><div class=\"guten-column-wrapper\">\n<figure class=\"wp-block-image aligncenter size-large is-resized\"><img decoding=\"async\" src=\"http:\/\/74.234.24.151\/wp-content\/uploads\/2023\/08\/image-team-2-1024x802.png\" alt=\"\" class=\"wp-image-928\" style=\"width:896px;height:702px\"\/><\/figure>\n<\/div><\/div><\/div>\n\n\n\n<div class=\"wp-block-gutenverse-column guten-element guten-column guten-zXWGIw\"><div class=\"guten-background-overlay\"><\/div><div class=\"sticky-wrapper\" data-id=\"zXWGIw\"><div class=\"guten-column-wrapper\">\n<div class=\"section-wrapper\" data-id=\"GwYJSc\"><section class=\"wp-block-gutenverse-section guten-element guten-section guten-GwYJSc layout-fullwidth align-stretch\"><div class=\"guten-background-overlay\"><\/div><div class=\"guten-shape-divider guten-shape-divider-top\"><\/div><div class=\"guten-shape-divider guten-shape-divider-bottom\"><\/div><div class=\"guten-container guten-column-gap-default\">\n<div class=\"wp-block-gutenverse-column guten-element guten-column guten-85F95v\"><div class=\"guten-background-overlay\"><\/div><div class=\"sticky-wrapper\" data-id=\"85F95v\"><div class=\"guten-column-wrapper\">\n<p class=\"has-normal-font-size\">Nuestra misi\u00f3n primordial en ACLAD radica en la importante tarea de crear una mayor conciencia en la sociedad acerca de los perjuicios derivados del consumo de sustancias adictivas, al tiempo que brindamos una atenci\u00f3n de \u00edndole socio-sanitaria sumamente relevante tanto para las personas afectadas por la dependencia a las drogas como para sus allegados. Es nuestro firme prop\u00f3sito lograr que aquellos individuos que enfrentan esta problem\u00e1tica alcancen una completa integraci\u00f3n sociolaboral y sean capaces de reconstruir una vida plena y normalizada en el seno de la comunidad que les rodea.<\/p>\n<\/div><\/div><\/div>\n<\/div><\/section><\/div>\n<\/div><\/div><\/div>\n<\/div><\/section><\/div>\n\n\n\n<div class=\"section-wrapper\" data-id=\"GaDlAC\"><section class=\"wp-block-gutenverse-section guten-element guten-section guten-GaDlAC animated guten-element-hide desktop-slideInRight layout-boxed align-stretch\"><div class=\"guten-background-overlay\"><\/div><div class=\"guten-shape-divider guten-shape-divider-top\"><\/div><div class=\"guten-shape-divider guten-shape-divider-bottom\"><\/div><div class=\"guten-container guten-column-gap-default\">\n<div class=\"wp-block-gutenverse-column guten-element guten-column guten-xCaprn\"><div class=\"guten-background-overlay\"><\/div><div class=\"sticky-wrapper\" data-id=\"xCaprn\"><div class=\"guten-column-wrapper\">\n<div class=\"section-wrapper\" data-id=\"Ca7nXl\"><section class=\"wp-block-gutenverse-section guten-element guten-section guten-Ca7nXl layout-fullwidth align-stretch\"><div class=\"guten-background-overlay\"><\/div><div class=\"guten-shape-divider guten-shape-divider-top\"><\/div><div class=\"guten-shape-divider guten-shape-divider-bottom\"><\/div><div class=\"guten-container guten-column-gap-default\">\n<div class=\"wp-block-gutenverse-column guten-element guten-column guten-1vw1e9\"><div class=\"guten-background-overlay\"><\/div><div class=\"sticky-wrapper\" data-id=\"1vw1e9\"><div class=\"guten-column-wrapper\">\n<p class=\"has-normal-font-size\">ACLAD es una asociaci\u00f3n sin \u00e1nimo de lucro constituida en 1979 para hacer frente a una incipiente problem\u00e1tica social: la atenci\u00f3n a los drogodependientes y sus familias. Pioneros en Galicia y Espa\u00f1a en el tratamiento y atenci\u00f3n a este colectivo. En reconocimiento a esta labor pionera, en 1985 el Ministerio del Interior nos declara entidad de utilidad p\u00fablica.<\/p>\n<\/div><\/div><\/div>\n<\/div><\/section><\/div>\n<\/div><\/div><\/div>\n\n\n\n<div class=\"wp-block-gutenverse-column guten-element guten-column guten-EOZkkB animated guten-element-hide desktop-slideInRight\"><div class=\"guten-background-overlay\"><\/div><div class=\"sticky-wrapper\" data-id=\"EOZkkB\"><div class=\"guten-column-wrapper\">\n<figure class=\"wp-block-image aligncenter size-large is-resized\"><img decoding=\"async\" src=\"http:\/\/74.234.24.151\/wp-content\/uploads\/2023\/08\/image-team-1-1024x793.png\" alt=\"\" class=\"wp-image-905\" style=\"width:1024px;height:793px\"\/><\/figure>\n<\/div><\/div><\/div>\n<\/div><\/section><\/div>\n<\/div>","protected":false},"excerpt":{"rendered":"","protected":false},"author":2,"featured_media":0,"parent":0,"menu_order":0,"comment_status":"closed","ping_status":"closed","template":"","meta":{"iawp_total_views":2276,"footnotes":""},"class_list":["post-503","page","type-page","status-publish","hentry"],"_links":{"self":[{"href":"https:\/\/xn--acladcorua-19a.es\/gl\/wp-json\/wp\/v2\/pages\/503"}],"collection":[{"href":"https:\/\/xn--acladcorua-19a.es\/gl\/wp-json\/wp\/v2\/pages"}],"about":[{"href":"https:\/\/xn--acladcorua-19a.es\/gl\/wp-json\/wp\/v2\/types\/page"}],"author":[{"embeddable":true,"href":"https:\/\/xn--acladcorua-19a.es\/gl\/wp-json\/wp\/v2\/users\/2"}],"replies":[{"embeddable":true,"href":"https:\/\/xn--acladcorua-19a.es\/gl\/wp-json\/wp\/v2\/comments?post=503"}],"version-history":[{"count":31,"href":"https:\/\/xn--acladcorua-19a.es\/gl\/wp-json\/wp\/v2\/pages\/503\/revisions"}],"predecessor-version":[{"id":1897,"href":"https:\/\/xn--acladcorua-19a.es\/gl\/wp-json\/wp\/v2\/pages\/503\/revisions\/1897"}],"wp:attachment":[{"href":"https:\/\/xn--acladcorua-19a.es\/gl\/wp-json\/wp\/v2\/media?parent=503"}],"curies":[{"name":"wp","href":"https:\/\/api.w.org\/{rel}","templated":true}]}}