{"id":505,"date":"2023-08-14T12:11:04","date_gmt":"2023-08-14T10:11:04","guid":{"rendered":"http:\/\/74.234.24.151\/?page_id=505"},"modified":"2024-05-30T19:27:19","modified_gmt":"2024-05-30T17:27:19","slug":"faq","status":"publish","type":"page","link":"https:\/\/xn--acladcorua-19a.es\/gl\/faq\/","title":{"rendered":"Respuestas a preguntas frecuentes"},"content":{"rendered":"<h2 class=\"wp-block-heading has-text-align-center has-intrace-accent-color has-text-color\" style=\"margin-top:var(--wp--preset--spacing--60);margin-right:var(--wp--preset--spacing--60);margin-bottom:var(--wp--preset--spacing--60);margin-left:var(--wp--preset--spacing--60)\">\u00bfQu\u00e9 preguntas nos suelen hacer?<\/h2>\n\n\n\n<div class=\"section-wrapper\" data-id=\"G67pVw\"><section class=\"wp-block-gutenverse-section guten-element guten-section guten-G67pVw layout-boxed align-stretch\"><div class=\"guten-background-overlay\"><\/div><div class=\"guten-shape-divider guten-shape-divider-top\"><\/div><div class=\"guten-shape-divider guten-shape-divider-bottom\"><\/div><div class=\"guten-container guten-column-gap-default\">\n<div class=\"wp-block-gutenverse-column guten-element guten-column guten-dUGnta\"><div class=\"guten-background-overlay\"><\/div><div class=\"sticky-wrapper\" data-id=\"dUGnta\"><div class=\"guten-column-wrapper\">\n<div style=\"height:150px\" aria-hidden=\"true\" class=\"wp-block-spacer\"><\/div>\n\n\n\n<div class=\"guten-element guten-accordions guten-MiJrUB\">\n<div class=\"accordion-item\"><div class=\"accordion-heading\"><div class=\"accordion-icon\"><span class=\"accordion-icon-open\"><i class=\"fas fa-minus\"><\/i><\/span><span class=\"accordion-icon-closed\"><i class=\"fas fa-plus-circle\"><\/i><\/span><\/div><span class=\"accordion-text\">\u00bfC\u00f3mo puedo hacer para pedir una primera cita?&nbsp;<\/span><\/div><div class=\"accordion-body\"><div class=\"accordion-content\">\n<p>Si eres de A Coru\u00f1a para venir s\u00f3lo tendr\u00edais que pedir cita previa, de lunes a viernes 9:00 a 14:00 horas, mi\u00e9rcoles y jueves en horario de 15:30 a 20:30 (tus datos ser\u00e1n confidenciales) bien:&nbsp;&nbsp;<\/p>\n\n\n\n<ul class=\"wp-block-list\">\n<li>Por tel\u00e9fono 981 243 327 \/ 981 243 000.&nbsp;<\/li>\n\n\n\n<li>O bien p\u00e1sate por la Unidad Asistencial de Drogodependencias de A Coru\u00f1a, Calle Ermita 2A, Pol\u00edgono Industrial de Agrela-Bens. 15008 \u2013 A Coru\u00f1a&nbsp;<\/li>\n<\/ul>\n<\/div><\/div><\/div>\n\n\n\n<div class=\"accordion-item\"><div class=\"accordion-heading\"><div class=\"accordion-icon\"><span class=\"accordion-icon-open\"><i class=\"fas fa-minus\"><\/i><\/span><span class=\"accordion-icon-closed\"><i class=\"fas fa-plus-circle\"><\/i><\/span><\/div><span class=\"accordion-text\">\u00bfC\u00f3mo puedo ayudar a una persona que tiene un problema con las sustancias?&nbsp;<\/span><\/div><div class=\"accordion-body\"><div class=\"accordion-content\">\n<p>Inform\u00e1ndote y solicitando la ayuda de especialistas en adicciones en centros profesionales acreditados.&nbsp;<\/p>\n\n\n\n<p>La persona que tiene un trastorno adictivo necesita un tratamiento especializado.&nbsp;&nbsp;<\/p>\n\n\n\n<p>Ofr\u00e9cele tu apoyo y acomp\u00e1\u00f1alo si lo ves oportuno.&nbsp;<\/p>\n<\/div><\/div><\/div>\n\n\n\n<div class=\"accordion-item\"><div class=\"accordion-heading\"><div class=\"accordion-icon\"><span class=\"accordion-icon-open\"><i class=\"fas fa-minus\"><\/i><\/span><span class=\"accordion-icon-closed\"><i class=\"fas fa-plus-circle\"><\/i><\/span><\/div><span class=\"accordion-text\">\u00bfPueden venir menores de edad?&nbsp;<\/span><\/div><div class=\"accordion-body\"><div class=\"accordion-content\">\n<p>S\u00ed claro, sin problema.&nbsp;<\/p>\n<\/div><\/div><\/div>\n\n\n\n<div class=\"accordion-item\"><div class=\"accordion-heading\"><div class=\"accordion-icon\"><span class=\"accordion-icon-open\"><i class=\"fas fa-minus\"><\/i><\/span><span class=\"accordion-icon-closed\"><i class=\"fas fa-plus-circle\"><\/i><\/span><\/div><span class=\"accordion-text\">\u00bfTengo que estar abstinente para solicitar tratamiento?&nbsp;<\/span><\/div><div class=\"accordion-body\"><div class=\"accordion-content\">\n<p>Los programas ambulatorios permiten a las personas participar en el tratamiento mientras contin\u00faan con ciertos niveles de consumo, siempre y cuando vengan a las entrevistas en condiciones adecuadas.&nbsp;&nbsp;<\/p>\n<\/div><\/div><\/div>\n\n\n\n<div class=\"accordion-item\"><div class=\"accordion-heading\"><div class=\"accordion-icon\"><span class=\"accordion-icon-open\"><i class=\"fas fa-minus\"><\/i><\/span><span class=\"accordion-icon-closed\"><i class=\"fas fa-plus-circle\"><\/i><\/span><\/div><span class=\"accordion-text\">\u00bfTengo que acudir con un familiar a la cita?&nbsp;<\/span><\/div><div class=\"accordion-body\"><div class=\"accordion-content\">\n<p>No es necesario, pero puede ser recomendable ya que ya que el apoyo familiar puede ser un recurso valioso en el proceso de recuperaci\u00f3n.&nbsp;<\/p>\n<\/div><\/div><\/div>\n\n\n\n<div class=\"accordion-item\"><div class=\"accordion-heading\"><div class=\"accordion-icon\"><span class=\"accordion-icon-open\"><i class=\"fas fa-minus\"><\/i><\/span><span class=\"accordion-icon-closed\"><i class=\"fas fa-plus-circle\"><\/i><\/span><\/div><span class=\"accordion-text\">\u00bfQu\u00e9 tratamientos ofrece el servicio?&nbsp;<\/span><\/div><div class=\"accordion-body\"><div class=\"accordion-content\">\n<p>En la UAD, establecemos el primer contacto con los pacientes y sus familias, implementando etapas clave que incluyen orientaci\u00f3n, acogida, evaluaci\u00f3n diagn\u00f3stica y la elaboraci\u00f3n de programas de intervenci\u00f3n personalizados seg\u00fan las necesidades espec\u00edficas de cada persona. Este proceso integral busca asegurar que cada individuo reciba la atenci\u00f3n y el apoyo necesarios para su bienestar y recuperaci\u00f3n<\/p>\n<\/div><\/div><\/div>\n\n\n\n<div class=\"accordion-item\"><div class=\"accordion-heading\"><div class=\"accordion-icon\"><span class=\"accordion-icon-open\"><i class=\"fas fa-minus\"><\/i><\/span><span class=\"accordion-icon-closed\"><i class=\"fas fa-plus-circle\"><\/i><\/span><\/div><span class=\"accordion-text\">\u00bfEs gratuito el tratamiento?&nbsp;<\/span><\/div><div class=\"accordion-body\"><div class=\"accordion-content\">\n<p>S\u00ed, es un tratamiento gratuito&nbsp;<\/p>\n<\/div><\/div><\/div>\n\n\n\n<div class=\"accordion-item\"><div class=\"accordion-heading\"><div class=\"accordion-icon\"><span class=\"accordion-icon-open\"><i class=\"fas fa-minus\"><\/i><\/span><span class=\"accordion-icon-closed\"><i class=\"fas fa-plus-circle\"><\/i><\/span><\/div><span class=\"accordion-text\">Mi hijo consume hach\u00eds \u00bfqu\u00e9 puede hacer?&nbsp;<\/span><\/div><div class=\"accordion-body\"><div class=\"accordion-content\">\n<p>Primero darte mucho \u00e1nimo porque entendemos que la situaci\u00f3n por la que est\u00e1s pasando en estos momentos es muy complicada.&nbsp;&nbsp;<\/p>\n\n\n\n<p>&nbsp; El consumo de cannabis al ser una sustancia droga y como tal crea adicci\u00f3n. Ser\u00eda conveniente que intentases dialogar con \u00e9l sobre las consecuencias del consumo del cannabis y abrir al mismo tiempo un canal de dialogo y confianza para que si quiere pueda hablar contigo, pero de todos modos es posible que no lo haga, a no ser que empiece a tener alg\u00fan problema. Fomentar una escucha asertiva y emp\u00e1tica hacia el joven es fundamental. Permitirle expresarse plenamente es esencial, ya que detr\u00e1s de las razones aparentes para justificar el consumo de cannabis, pueden ocultarse problemas m\u00e1s profundos como depresi\u00f3n, miedo al rechazo o dificultades en la gesti\u00f3n emocional.&nbsp;<\/p>\n\n\n\n<p>Evitar reacciones agresivas o imposiciones autoritarias es clave. Una respuesta impulsiva podr\u00eda llevar al joven a exaltarse y rebelarse, teniendo un efecto contrario al deseado y siendo contraproducente.&nbsp;<\/p>\n\n\n\n<p>Mantener la calma sin dramatizar en exceso la situaci\u00f3n es importante. Adem\u00e1s, no minimizar el tema quit\u00e1ndole importancia ni intentar hacerse \u00abamigo\u00bb del adolescente sin abordar la situaci\u00f3n no contribuir\u00e1 a mejorar la realidad.&nbsp;<\/p>\n\n\n\n<p>Entender el entorno social del joven tambi\u00e9n es esencial para comprender mejor su situaci\u00f3n. Finalmente, lo m\u00e1s crucial al enfrentar la situaci\u00f3n de que tu hijo fume cannabis es entablar una conversaci\u00f3n abierta, explicar la gravedad del asunto y las consecuencias negativas del cannabis, y luego ofrecer apoyo para acompa\u00f1arle en su proceso de desintoxicaci\u00f3n.&nbsp;<\/p>\n\n\n\n<p>Y si aun as\u00ed si crees que eso no es suficiente en este servicio se atienden a familias con las mismas preocupaciones que t\u00fa y si \u00e9l no quisiese venir a tratamiento tampoco habr\u00eda ning\u00fan problema. Si quisieses venir t\u00fa tambi\u00e9n podr\u00edas, hasta que \u00e9l sea, si es que es necesario, consciente de la necesidad de pedir ayuda. Aqu\u00ed le atender\u00edan los profesionales especializados en la materia.&nbsp;<\/p>\n<\/div><\/div><\/div>\n\n\n\n<div class=\"accordion-item\"><div class=\"accordion-heading\"><div class=\"accordion-icon\"><span class=\"accordion-icon-open\"><i class=\"fas fa-minus\"><\/i><\/span><span class=\"accordion-icon-closed\"><i class=\"fas fa-plus-circle\"><\/i><\/span><\/div><span class=\"accordion-text\">\u00bfQu\u00e9 puedo hacer para enviar mi curriculum?&nbsp;<\/span><\/div><div class=\"accordion-body\"><div class=\"accordion-content\">\n<p>Para podernos hacer llegar tu curr\u00edculum puedes hacerlo&nbsp;&nbsp; trav\u00e9s del correo electr\u00f3nico del gerente del centro, el nombre es Miguel Plaza Cancela: <a rel=\"noreferrer noopener\" href=\"mailto:miguel.plaza@asoc-aclad.es\" target=\"_blank\">miguel.plaza@asoc-aclad.es<\/a>.&nbsp;&nbsp;<\/p>\n<\/div><\/div><\/div>\n\n\n\n<div class=\"accordion-item\"><div class=\"accordion-heading\"><div class=\"accordion-icon\"><span class=\"accordion-icon-open\"><i class=\"fas fa-minus\"><\/i><\/span><span class=\"accordion-icon-closed\"><i class=\"fas fa-plus-circle\"><\/i><\/span><\/div><span class=\"accordion-text\">\u00bfC\u00f3mo puedo cambiar una cita?&nbsp;<\/span><\/div><div class=\"accordion-body\"><div class=\"accordion-content\">\n<p>Si quieres cambiar una cita puedes llamar al centro en el siguiente horario de lunes a viernes de 9:00 a 14:00 horas, mi\u00e9rcoles y jueves en horario de 15:30 a 20:30 bien:&nbsp;&nbsp;<\/p>\n\n\n\n<p>Por tel\u00e9fono 981 243 327 \/ 981 243 000.&nbsp;<\/p>\n\n\n\n<p>bien p\u00e1sate por la Unidad Asistencial de Drogodependencias de A Coru\u00f1a, Calle Ermita 2A, Pol\u00edgono Industrial de Agrela-Bens. 15008 \u2013 A Coru\u00f1a&nbsp;<\/p>\n<\/div><\/div><\/div>\n\n\n\n<div class=\"accordion-item\"><div class=\"accordion-heading\"><div class=\"accordion-icon\"><span class=\"accordion-icon-open\"><i class=\"fas fa-minus\"><\/i><\/span><span class=\"accordion-icon-closed\"><i class=\"fas fa-plus-circle\"><\/i><\/span><\/div><span class=\"accordion-text\">\u00bfC\u00f3mo puedo contactar con mi terapeuta?&nbsp;<\/span><\/div><div class=\"accordion-body\"><div class=\"accordion-content\">\n<p>Puedes llamarle en horario de 8:30n a 9:00 a su despacho marcando el n\u00famero principal de nuestro centro seguido del n\u00famero 1 m\u00e1s el n\u00famero correspondiente al despacho, (ejemplo si tu terapeuta est\u00e1 en el despacho n\u00famero 3: marcar\u00edamos el 981 243 327\/103).&nbsp;<\/p>\n<\/div><\/div><\/div>\n\n\n\n<div class=\"accordion-item\"><div class=\"accordion-heading\"><div class=\"accordion-icon\"><span class=\"accordion-icon-open\"><i class=\"fas fa-minus\"><\/i><\/span><span class=\"accordion-icon-closed\"><i class=\"fas fa-plus-circle\"><\/i><\/span><\/div><span class=\"accordion-text\">\u00bfC\u00f3mo s\u00e9 si tengo un problema de adicci\u00f3n?&nbsp;<\/span><\/div><div class=\"accordion-body\"><div class=\"accordion-content\">\n<p>Para saber si tienes un problema de adicci\u00f3n valora si se dan algunas de estas circunstancias:&nbsp;&nbsp;<\/p>\n\n\n\n<ul class=\"wp-block-list\">\n<li>Si niegas&nbsp; \u202fque tienes el problema aun cuando todos te lo hacen ver.&nbsp;<\/li>\n\n\n\n<li>Si tienes dudas sobre tu consumo.&nbsp;&nbsp;<\/li>\n\n\n\n<li>Si sientes obsesi\u00f3n y compulsi\u00f3n hacia alguna(s) sustancia(s). \u202f&nbsp;<\/li>\n\n\n\n<li>Si se ve afectado tu entorno familiar, social, laboral y\/o escolar debido al consumo.&nbsp;&nbsp;<\/li>\n\n\n\n<li>Si afirmas que vas a dejar la(s) sustancia(s) sin poder conseguirlo.&nbsp;<\/li>\n\n\n\n<li>Si chantajear y endeudarte para consumir; buscar excusas para todos tus fallos.&nbsp;<\/li>\n\n\n\n<li>Si eres deshonesto o ego\u00edsta con los que quieres con tal de consumir, etc.&nbsp;<\/li>\n<\/ul>\n\n\n\n<p class=\"has-intrace-accent-color has-text-color\"><strong>\u202f\u201cLa adicci\u00f3n es un problema de salud. Aceptar que necesitas ayuda es el primer paso para tu rehabilitaci\u00f3n\u201d.<\/strong>&nbsp;<\/p>\n<\/div><\/div><\/div>\n\n\n\n<div class=\"accordion-item\"><div class=\"accordion-heading\"><div class=\"accordion-icon\"><span class=\"accordion-icon-open\"><i class=\"fas fa-minus\"><\/i><\/span><span class=\"accordion-icon-closed\"><i class=\"fas fa-plus-circle\"><\/i><\/span><\/div><span class=\"accordion-text\">\u00bfQu\u00e9 documentaci\u00f3n necesito para la primera cita?&nbsp;<\/span><\/div><div class=\"accordion-body\"><div class=\"accordion-content\">\n<p>Un documento de identificaci\u00f3n personal&nbsp;<\/p>\n<\/div><\/div><\/div>\n\n\n\n<div class=\"accordion-item\"><div class=\"accordion-heading\"><div class=\"accordion-icon\"><span class=\"accordion-icon-open\"><i class=\"fas fa-minus\"><\/i><\/span><span class=\"accordion-icon-closed\"><i class=\"fas fa-plus-circle\"><\/i><\/span><\/div><span class=\"accordion-text\">\u00bfPor qu\u00e9 debes pedir una cita?&nbsp;<\/span><\/div><div class=\"accordion-body\"><div class=\"accordion-content\">\n<p>Primero darte mucho \u00e1nimo porque entendemos que la situaci\u00f3n por la que est\u00e1s pasando en estos momentos es muy complicada.&nbsp;&nbsp;<\/p>\n\n\n\n<ul class=\"wp-block-list\">\n<li>Si te han dicho tus amigos, tu familia, en el trabajo, de que \u201cte pasas\u201d cuando sales por ah\u00ed.&nbsp;&nbsp;<\/li>\n\n\n\n<li>Si por m\u00e1s que intentas consumir menos, no eres capaz de hacerlo.&nbsp;&nbsp;&nbsp;<\/li>\n\n\n\n<li>Si gastas dinero en sustancias o similar.&nbsp;<\/li>\n\n\n\n<li>Si prefieres consumir a hacer muchas otras cosas que hac\u00edas antes\u2026.&nbsp;<\/li>\n<\/ul>\n\n\n\n<p>&nbsp; En cualquiera de estos casos puedes pedir una cita para que nuestros profesionales valoren tu caso y te ofrezcan opciones de tratamiento.&nbsp;<\/p>\n<\/div><\/div><\/div>\n\n\n\n<div class=\"accordion-item\"><div class=\"accordion-heading\"><div class=\"accordion-icon\"><span class=\"accordion-icon-open\"><i class=\"fas fa-minus\"><\/i><\/span><span class=\"accordion-icon-closed\"><i class=\"fas fa-plus-circle\"><\/i><\/span><\/div><span class=\"accordion-text\">\u00bfC\u00f3mo puedo ayudar a un adicto?&nbsp;<\/span><\/div><div class=\"accordion-body\"><div class=\"accordion-content\">\n<p>Inform\u00e1ndote y solicitando la ayuda de especialistas en adicciones en centros profesionales acreditados.&nbsp;<br>La persona que tiene un trastorno adictivo necesita un tratamiento, puedes ofrecerle tu apoyo para ser tratado. No le culpes, no le ataques, no le reproches. Pero ofr\u00e9cele una \u00fanica opci\u00f3n para tener ese apoyo: hacer ese tratamiento y, sobre todo, no colabores en el mantenimiento de su adicci\u00f3n.&nbsp;<\/p>\n<\/div><\/div><\/div>\n\n\n\n<div class=\"accordion-item\"><div class=\"accordion-heading\"><div class=\"accordion-icon\"><span class=\"accordion-icon-open\"><i class=\"fas fa-minus\"><\/i><\/span><span class=\"accordion-icon-closed\"><i class=\"fas fa-plus-circle\"><\/i><\/span><\/div><span class=\"accordion-text\">\u00bfC\u00f3mo debo actuar ante una persona intoxicada por uso de alguna droga?&nbsp;<\/span><\/div><div class=\"accordion-body\"><div class=\"accordion-content\">\n<p>Debes guardar la calma y no enfrentarte a la persona intoxicada, ya que puede actuar de manera poco congruente. Se recomienda\u202f<a href=\"http:\/\/061.sergas.es\/\" target=\"_blank\" rel=\"noreferrer noopener\">llamar a emergencias<\/a>\u202fsi la persona presenta trastornos conductuales, lentitud generalizada, euforia, falta de coordinaci\u00f3n, marcha inestable, disminuci\u00f3n de los reflejos, temblores, alteraciones respiratorias, rigidez muscular, boca seca y pastosa, convulsiones, angustia o paranoia. La pronta atenci\u00f3n salva una vida.&nbsp;<\/p>\n<\/div><\/div><\/div>\n\n\n\n<div class=\"accordion-item\"><div class=\"accordion-heading\"><div class=\"accordion-icon\"><span class=\"accordion-icon-open\"><i class=\"fas fa-minus\"><\/i><\/span><span class=\"accordion-icon-closed\"><i class=\"fas fa-plus-circle\"><\/i><\/span><\/div><span class=\"accordion-text\">\u00bfCu\u00e1nto tiempo se puede vivir consumiendo drogas?&nbsp;<\/span><\/div><div class=\"accordion-body\"><div class=\"accordion-content\">\n<p>No se puede determinar un tiempo de vida porque cada droga y cada organismo son\u202fdiferentes. Lo que s\u00ed es indiscutible es la reducci\u00f3n en la calidad de vida de las personas\u202fadictas. Una vez que se genera la adicci\u00f3n, la vida del adicto se va deteriorando hasta romper sus lazos familiares y emocionales, p\u00e9rdida de trabajo, etc.&nbsp;<\/p>\n<\/div><\/div><\/div>\n\n\n\n<div class=\"accordion-item\"><div class=\"accordion-heading\"><div class=\"accordion-icon\"><span class=\"accordion-icon-open\"><i class=\"fas fa-minus\"><\/i><\/span><span class=\"accordion-icon-closed\"><i class=\"fas fa-plus-circle\"><\/i><\/span><\/div><span class=\"accordion-text\">\u00bfQu\u00e9 consecuencias familiares tienen las adicciones?&nbsp;<\/span><\/div><div class=\"accordion-body\"><div class=\"accordion-content\">\n<p>El consumo de drogas afecta a todo el entorno familiar del adicto. Es muy habitual la disfunci\u00f3n y desintegraci\u00f3n familiar, el abuso f\u00edsico, psicol\u00f3gico, etc. Afecta a la integridad de la familia. Provoca en hijos y parejas, inseguridad, miedo, temor, soledad, frustraci\u00f3n, tristeza, culpabilidad, ansiedad, etc..&nbsp;<\/p>\n<\/div><\/div><\/div>\n\n\n\n<div class=\"accordion-item\"><div class=\"accordion-heading\"><div class=\"accordion-icon\"><span class=\"accordion-icon-open\"><i class=\"fas fa-minus\"><\/i><\/span><span class=\"accordion-icon-closed\"><i class=\"fas fa-plus-circle\"><\/i><\/span><\/div><span class=\"accordion-text\">\u00bfCu\u00e1ndo se toca fondo?&nbsp;<\/span><\/div><div class=\"accordion-body\"><div class=\"accordion-content\">\n<p>Cuando el adicto experimenta el abandono, rechazo, soledad y otras p\u00e9rdidas asociadas a su consumo y esos sentimientos empiezan a dar un contrapunto negativo a ese consumo. Se toca fondo f\u00edsico, emocional, familiar y econ\u00f3mico, lo que muchas veces sirve de aliciente para querer cambiar y pedir ayuda.&nbsp;<\/p>\n<\/div><\/div><\/div>\n\n\n\n<div class=\"accordion-item\"><div class=\"accordion-heading\"><div class=\"accordion-icon\"><span class=\"accordion-icon-open\"><i class=\"fas fa-minus\"><\/i><\/span><span class=\"accordion-icon-closed\"><i class=\"fas fa-plus-circle\"><\/i><\/span><\/div><span class=\"accordion-text\">Si consumo drogas espor\u00e1dicamente \u00bfqu\u00e9 me pasa?&nbsp;<\/span><\/div><div class=\"accordion-body\"><div class=\"accordion-content\">\n<p>Todas las adicciones se desarrollan a partir de un consumo espor\u00e1dico. Los consumidores de drogas piensan que no caer\u00e1n en la adicci\u00f3n y que controlar\u00e1n su manera de consumir las drogas. Las personas con trastornos adictivos comenzaron \u201cprobando\u201d y seguro que jam\u00e1s quisieron ser adictos, pero hubo un momento en que cruzaron la l\u00ednea invisible entre el consumo y su adicci\u00f3n. La mejor manera para no perder es no jugar. No pruebes.&nbsp;<\/p>\n<\/div><\/div><\/div>\n\n\n\n<div class=\"accordion-item\"><div class=\"accordion-heading\"><div class=\"accordion-icon\"><span class=\"accordion-icon-open\"><i class=\"fas fa-minus\"><\/i><\/span><span class=\"accordion-icon-closed\"><i class=\"fas fa-plus-circle\"><\/i><\/span><\/div><span class=\"accordion-text\">\u00bfQu\u00e9 es una sobredosis?&nbsp;<\/span><\/div><div class=\"accordion-body\"><div class=\"accordion-content\">\n<p>Una sobredosis puede acarrear peligro de muerte. Se produce por la llegada masiva de droga al\u202forganismo. Produce un efecto t\u00f3xico inmediato que es distinto seg\u00fan la droga\u202fsuministrada. Se trata de una intoxicaci\u00f3n aguda, potencialmente letal, que\u202fproduce p\u00e9rdida de la conciencia, lentitud del pulso card\u00edaco y respiraci\u00f3n, y puede conducir a un estado de coma y riesgo de muerte. Se debe avisar a emergencias. Una intervenci\u00f3n de urgencia a tiempo puede salvar una vida.&nbsp;<\/p>\n<\/div><\/div><\/div>\n\n\n\n<div class=\"accordion-item\"><div class=\"accordion-heading\"><div class=\"accordion-icon\"><span class=\"accordion-icon-open\"><i class=\"fas fa-minus\"><\/i><\/span><span class=\"accordion-icon-closed\"><i class=\"fas fa-plus-circle\"><\/i><\/span><\/div><span class=\"accordion-text\">\u00bfQu\u00e9 riesgos existen durante el embarazo si se consumen drogas?&nbsp;<\/span><\/div><div class=\"accordion-body\"><div class=\"accordion-content\">\n<p>Los riesgos del consumo durante el embarazo suelen ser graves y preocupantes.&nbsp;<\/p>\n\n\n\n<p>Las drogas consumidas no s\u00f3lo da\u00f1an al organismo de la embarazada, sino tambi\u00e9n al beb\u00e9 a trav\u00e9s de la placenta pudiendo provocarle da\u00f1os f\u00edsicos y mentales severos. Incrementa el riesgo de mortalidad infantil, genera\u202fdeformidades en el desarrollo del coraz\u00f3n, extremidades, sistema nervioso, ojos y en la\u202ffisonom\u00eda. Existe el riesgo de un aborto espont\u00e1neo o que el beb\u00e9 nazca muerto.&nbsp;<\/p>\n\n\n\n<p>Otros problemas asociados al consumo durante el embarazo es que el reci\u00e9n nacido presente s\u00edntomas de abstinencia o tenga problemas de aprendizaje y comportamiento.&nbsp;<\/p>\n<\/div><\/div><\/div>\n\n\n\n<div class=\"accordion-item\"><div class=\"accordion-heading\"><div class=\"accordion-icon\"><span class=\"accordion-icon-open\"><i class=\"fas fa-minus\"><\/i><\/span><span class=\"accordion-icon-closed\"><i class=\"fas fa-plus-circle\"><\/i><\/span><\/div><span class=\"accordion-text\">\u00bfQu\u00e9 pasa si consumo drogas y tengo alg\u00fan problema mental?&nbsp;<\/span><\/div><div class=\"accordion-body\"><div class=\"accordion-content\">\n<p>Cuando el consumo de drogas se convierte en un trastorno adictivo se considera una enfermedad mental; por eso, si adem\u00e1s del problema de adicci\u00f3n tienes otros problemas relacionados con la salud mental, el uso de drogas empeora la\u202fsituaci\u00f3n, el pron\u00f3stico y la evoluci\u00f3n, hace m\u00e1s dif\u00edcil que la medicaci\u00f3n funcione, y\u202fdificulta un estilo de vida estable. Muchas personas a tratamiento por su adicci\u00f3n ten\u00edan otra enfermedad mental previa al consumo y, en otras, el consumo de drogas ha facilitado la aparici\u00f3n de una enfermedad mental.&nbsp;<\/p>\n<\/div><\/div><\/div>\n<\/div>\n\n\n\n<div style=\"height:300px\" aria-hidden=\"true\" class=\"wp-block-spacer\"><\/div>\n<\/div><\/div><\/div>\n<\/div><\/section><\/div>\n\n\n\n<div style=\"height:50px\" aria-hidden=\"true\" class=\"wp-block-spacer\"><\/div>\n\n\n<div class=\"wp-block-template-part\">\n<div class=\"wp-block-group has-background is-layout-constrained wp-container-core-group-is-layout-1 wp-block-group-is-layout-constrained\" style=\"background:linear-gradient(135deg,rgb(238,238,238) 0%,rgb(25,59,97) 100%);padding-top:50px;padding-bottom:50px\">\n<div class=\"wp-block-columns is-layout-flex wp-container-core-columns-is-layout-2 wp-block-columns-is-layout-flex\">\n<div class=\"wp-block-column is-vertically-aligned-center is-layout-flow wp-block-column-is-layout-flow\" style=\"flex-basis:66.66%\">\n<h2 class=\"wp-block-heading has-white-color has-text-color has-heading-2-font-size\" style=\"font-style:normal;font-weight:600\">\u00bfTienes dudas? \u00bfNecesitas contactar?<\/h2>\n\n\n\n<p class=\"has-intrace-accent-color has-text-color has-heading-6-font-size\" style=\"padding-right:150px;font-style:normal;font-weight:300\">Estamos para ayudarte y para acompa\u00f1arte en el <em>camino<\/em> &#8230; en tu tratamiento. Guardaremos estrictamente la confidencialidad de tus datos.<\/p>\n<\/div>\n\n\n\n<div class=\"wp-block-column is-vertically-aligned-center is-layout-flow wp-block-column-is-layout-flow\" style=\"flex-basis:33.33%\">\n<div class=\"wp-block-columns is-layout-flex wp-container-core-columns-is-layout-1 wp-block-columns-is-layout-flex\">\n<div class=\"wp-block-column is-layout-flow wp-block-column-is-layout-flow\">\n<div class=\"wp-block-buttons intrace-animate intrace-move-left intrace-delay-7 is-content-justification-right is-layout-flex wp-container-core-buttons-is-layout-1 wp-block-buttons-is-layout-flex\">\n<div class=\"wp-block-button has-custom-font-size is-style-custombuttonborder\" style=\"font-size:14px\"><a class=\"wp-block-button__link wp-element-button\" href=\"http:\/\/74.234.24.151\/contacta-con-nosotros\/\" style=\"border-radius:10px;padding-top:14px;padding-right:35px;padding-bottom:14px;padding-left:35px\" target=\"_blank\" rel=\"noreferrer noopener\">ContactA<\/a><\/div>\n<\/div>\n<\/div>\n<\/div>\n<\/div>\n<\/div>\n<\/div>\n\n\n\n<div style=\"height:50px\" aria-hidden=\"true\" class=\"wp-block-spacer\"><\/div>\n<\/div>\n\n\n<div style=\"height:50px\" aria-hidden=\"true\" class=\"wp-block-spacer\"><\/div>","protected":false},"excerpt":{"rendered":"","protected":false},"author":2,"featured_media":2634,"parent":0,"menu_order":0,"comment_status":"closed","ping_status":"closed","template":"","meta":{"iawp_total_views":1973,"footnotes":""},"class_list":["post-505","page","type-page","status-publish","has-post-thumbnail","hentry"],"_links":{"self":[{"href":"https:\/\/xn--acladcorua-19a.es\/gl\/wp-json\/wp\/v2\/pages\/505"}],"collection":[{"href":"https:\/\/xn--acladcorua-19a.es\/gl\/wp-json\/wp\/v2\/pages"}],"about":[{"href":"https:\/\/xn--acladcorua-19a.es\/gl\/wp-json\/wp\/v2\/types\/page"}],"author":[{"embeddable":true,"href":"https:\/\/xn--acladcorua-19a.es\/gl\/wp-json\/wp\/v2\/users\/2"}],"replies":[{"embeddable":true,"href":"https:\/\/xn--acladcorua-19a.es\/gl\/wp-json\/wp\/v2\/comments?post=505"}],"version-history":[{"count":14,"href":"https:\/\/xn--acladcorua-19a.es\/gl\/wp-json\/wp\/v2\/pages\/505\/revisions"}],"predecessor-version":[{"id":2378,"href":"https:\/\/xn--acladcorua-19a.es\/gl\/wp-json\/wp\/v2\/pages\/505\/revisions\/2378"}],"wp:featuredmedia":[{"embeddable":true,"href":"https:\/\/xn--acladcorua-19a.es\/gl\/wp-json\/wp\/v2\/media\/2634"}],"wp:attachment":[{"href":"https:\/\/xn--acladcorua-19a.es\/gl\/wp-json\/wp\/v2\/media?parent=505"}],"curies":[{"name":"wp","href":"https:\/\/api.w.org\/{rel}","templated":true}]}}