{"id":56,"date":"2023-07-31T14:04:58","date_gmt":"2023-07-31T12:04:58","guid":{"rendered":"http:\/\/74.234.24.151\/?page_id=56"},"modified":"2024-05-29T11:13:50","modified_gmt":"2024-05-29T09:13:50","slug":"ambulatoria","status":"publish","type":"page","link":"https:\/\/xn--acladcorua-19a.es\/gl\/recursos\/ambulatoria\/","title":{"rendered":"Unidad Asistencial de Drogodependencias &#8211; UAD"},"content":{"rendered":"<div style=\"height:24px\" aria-hidden=\"true\" class=\"wp-block-spacer\"><\/div>\n\n\n\n<div class=\"section-wrapper\" data-id=\"rb38ZV\"><section class=\"wp-block-gutenverse-section guten-element guten-section guten-rb38ZV layout-boxed align-stretch\"><div class=\"guten-background-overlay\"><\/div><div class=\"guten-shape-divider guten-shape-divider-top\"><\/div><div class=\"guten-shape-divider guten-shape-divider-bottom\"><\/div><div class=\"guten-container guten-column-gap-default\">\n<div class=\"wp-block-gutenverse-column guten-element guten-column guten-Q4kJZw\"><div class=\"guten-background-overlay\"><\/div><div class=\"sticky-wrapper\" data-id=\"Q4kJZw\"><div class=\"guten-column-wrapper\"><\/div><\/div><\/div>\n<\/div><\/section><\/div>\n\n\n\n<p><\/p>\n\n\n\n<div class=\"section-wrapper\" data-id=\"QINT0R\"><section class=\"wp-block-gutenverse-section guten-element guten-section guten-QINT0R animated guten-element-hide desktop-fadeInUp layout-boxed align-stretch\"><div class=\"guten-background-overlay\"><\/div><div class=\"guten-shape-divider guten-shape-divider-top\"><\/div><div class=\"guten-shape-divider guten-shape-divider-bottom\"><\/div><div class=\"guten-container guten-column-gap-no\">\n<div class=\"wp-block-gutenverse-column guten-element guten-column guten-mqb3MU\"><div class=\"guten-background-overlay\"><\/div><div class=\"sticky-wrapper\" data-id=\"mqb3MU\"><div class=\"guten-column-wrapper\">\n<h3 class=\"wp-block-gutenverse-heading guten-element guten-ihsLOe animated guten-element-hide desktop-fadeInLeft\">Qu\u00e9 es la UAD<\/h3>\n\n\n\n<div class=\"guten-element gutenverse-text-editor guten-cWuIwy animated guten-element-hide desktop-fadeInLeft\"><div class=\"text-content-inner\">\n<p>Es un <strong>servicio de salud<\/strong> dedicado al abordaje integral de personas con problemas vinculados al uso de sustancias. <\/p>\n\n\n\n<p>Su misi\u00f3n es realizar evaluaciones exhaustivas para comprender las necesidades espec\u00edficas de cada persona y proporcionar tratamientos m\u00e9dicos, psicol\u00f3gicos y sociales adaptados a ella.<\/p>\n<\/div><\/div>\n<\/div><\/div><\/div>\n\n\n\n<div class=\"wp-block-gutenverse-column guten-element guten-column guten-BesoLb animated guten-element-hide desktop-fadeInUp\"><div class=\"guten-background-overlay\"><\/div><div class=\"sticky-wrapper\" data-id=\"BesoLb\"><div class=\"guten-column-wrapper\">\n<h5 class=\"wp-block-gutenverse-heading guten-element guten-pfEqC0\">Objetivo<\/h5>\n\n\n\n<div class=\"guten-element gutenverse-text-editor guten-6AVz2W\"><div class=\"text-content-inner\">\n<p>En la UAD buscamos no s\u00f3lo <strong>mitigar los efectos inmediatos del consumo<\/strong>, sino tambi\u00e9n abordar las <strong>causas subyacentes<\/strong>, promoviendo la <strong>rehabilitaci\u00f3n<\/strong> y la <strong>recuperaci\u00f3n<\/strong> a largo plazo, facilitando el desarrollo de habilidades para una vida saludable y libre de drogas.<\/p>\n<\/div><\/div>\n<\/div><\/div><\/div>\n\n\n\n<div class=\"wp-block-gutenverse-column guten-element guten-column guten-GV8Nv8 animated guten-element-hide desktop-fadeInUp\"><div class=\"guten-background-overlay\"><\/div><div class=\"sticky-wrapper\" data-id=\"GV8Nv8\"><div class=\"guten-column-wrapper\">\n<h5 class=\"wp-block-gutenverse-heading guten-element guten-4wekUX\">Qu\u00e9 ofrecemos<\/h5>\n\n\n\n<div class=\"guten-element gutenverse-text-editor guten-aVkyMD\"><div class=\"text-content-inner\">\n<p>Ofrecemos programas de <strong>prevenci\u00f3n y educaci\u00f3n<\/strong>, contribuyendo a la gesti\u00f3n global de la salud en el contexto de las drogodependencias. <\/p>\n\n\n\n<p>Proporcionamos <strong>servicios de apoyo familiar<\/strong>, porque conocemos su papel crucial en el proceso de recuperaci\u00f3n.<\/p>\n<\/div><\/div>\n<\/div><\/div><\/div>\n<\/div><\/section><\/div>\n\n\n\n<div class=\"section-wrapper\" data-id=\"OlJwrR\"><section class=\"wp-block-gutenverse-section guten-element guten-section guten-OlJwrR animated guten-element-hide desktop-fadeInUp layout-boxed align-stretch\"><div class=\"guten-background-overlay\"><\/div><div class=\"guten-shape-divider guten-shape-divider-top\"><\/div><div class=\"guten-shape-divider guten-shape-divider-bottom\"><\/div><div class=\"guten-container guten-column-gap-default\">\n<div class=\"wp-block-gutenverse-column guten-element guten-column guten-zxBsMA\"><div class=\"guten-background-overlay\"><\/div><div class=\"sticky-wrapper\" data-id=\"zxBsMA\"><div class=\"guten-column-wrapper\">\n<h2 class=\"wp-block-gutenverse-heading guten-element guten-uHZDbV animated guten-element-hide tablet-fadeInRight mobile-fadeInRight\">Los servicios que te ofrecemos<\/h2>\n\n\n\n<p>En la UAD de ACLAD prestamos los servicios asistenciales incluidos en el <strong>Cat\u00e1logo de Programas de la Subdirecci\u00f3n Xeral de Sa\u00fade Mental e Drogodependencias de la Conseller\u00eda de Sanidade de la Xunta de Galicia<\/strong>, responsable de la cartera de servicios y recursos de tratamiento asistencial a las personas drogodependientes.<\/p>\n\n\n\n<h2 class=\"wp-block-gutenverse-heading guten-element guten-hfZCos\">La UAD de ACLAD<\/h2>\n\n\n\n<div class=\"section-wrapper\" data-id=\"S5Xm5v\"><section class=\"wp-block-gutenverse-section guten-element guten-section guten-S5Xm5v layout-boxed align-stretch\"><div class=\"guten-background-overlay\"><\/div><div class=\"guten-shape-divider guten-shape-divider-top\"><\/div><div class=\"guten-shape-divider guten-shape-divider-bottom\"><\/div><div class=\"guten-container guten-column-gap-default\">\n<div class=\"wp-block-gutenverse-column guten-element guten-column guten-UJkHPG\"><div class=\"guten-background-overlay\"><\/div><div class=\"sticky-wrapper\" data-id=\"UJkHPG\"><div class=\"guten-column-wrapper\"><\/div><\/div><\/div>\n\n\n\n<div class=\"wp-block-gutenverse-column guten-element guten-column guten-UJkHPG\"><div class=\"guten-background-overlay\"><\/div><div class=\"sticky-wrapper\" data-id=\"UJkHPG\"><div class=\"guten-column-wrapper\">\n<figure class=\"wp-block-image aligncenter size-large is-resized\"><a href=\"https:\/\/sanidade.xunta.gal\" target=\"_blank\" rel=\"noreferrer noopener\"><img loading=\"lazy\" decoding=\"async\" width=\"1024\" height=\"576\" src=\"http:\/\/74.234.24.151\/wp-content\/uploads\/2024\/05\/conselleria_sanidade-1024x576.png\" alt=\"\" class=\"wp-image-2531\" style=\"width:250px\" srcset=\"https:\/\/xn--acladcorua-19a.es\/wp-content\/uploads\/2024\/05\/conselleria_sanidade-1024x576.png 1024w, https:\/\/xn--acladcorua-19a.es\/wp-content\/uploads\/2024\/05\/conselleria_sanidade-300x169.png 300w, https:\/\/xn--acladcorua-19a.es\/wp-content\/uploads\/2024\/05\/conselleria_sanidade-768x432.png 768w, https:\/\/xn--acladcorua-19a.es\/wp-content\/uploads\/2024\/05\/conselleria_sanidade-1536x864.png 1536w, https:\/\/xn--acladcorua-19a.es\/wp-content\/uploads\/2024\/05\/conselleria_sanidade-18x10.png 18w, https:\/\/xn--acladcorua-19a.es\/wp-content\/uploads\/2024\/05\/conselleria_sanidade.png 1920w\" sizes=\"(max-width: 1024px) 100vw, 1024px\" \/><\/a><\/figure>\n<\/div><\/div><\/div>\n\n\n\n<div class=\"wp-block-gutenverse-column guten-element guten-column guten-UJkHPG\"><div class=\"guten-background-overlay\"><\/div><div class=\"sticky-wrapper\" data-id=\"UJkHPG\"><div class=\"guten-column-wrapper\"><\/div><\/div><\/div>\n<\/div><\/section><\/div>\n<\/div><\/div><\/div>\n<\/div><\/section><\/div>","protected":false},"excerpt":{"rendered":"","protected":false},"author":2,"featured_media":2530,"parent":24,"menu_order":1,"comment_status":"closed","ping_status":"closed","template":"","meta":{"iawp_total_views":817,"footnotes":""},"class_list":["post-56","page","type-page","status-publish","has-post-thumbnail","hentry"],"_links":{"self":[{"href":"https:\/\/xn--acladcorua-19a.es\/gl\/wp-json\/wp\/v2\/pages\/56"}],"collection":[{"href":"https:\/\/xn--acladcorua-19a.es\/gl\/wp-json\/wp\/v2\/pages"}],"about":[{"href":"https:\/\/xn--acladcorua-19a.es\/gl\/wp-json\/wp\/v2\/types\/page"}],"author":[{"embeddable":true,"href":"https:\/\/xn--acladcorua-19a.es\/gl\/wp-json\/wp\/v2\/users\/2"}],"replies":[{"embeddable":true,"href":"https:\/\/xn--acladcorua-19a.es\/gl\/wp-json\/wp\/v2\/comments?post=56"}],"version-history":[{"count":57,"href":"https:\/\/xn--acladcorua-19a.es\/gl\/wp-json\/wp\/v2\/pages\/56\/revisions"}],"predecessor-version":[{"id":2534,"href":"https:\/\/xn--acladcorua-19a.es\/gl\/wp-json\/wp\/v2\/pages\/56\/revisions\/2534"}],"up":[{"embeddable":true,"href":"https:\/\/xn--acladcorua-19a.es\/gl\/wp-json\/wp\/v2\/pages\/24"}],"wp:featuredmedia":[{"embeddable":true,"href":"https:\/\/xn--acladcorua-19a.es\/gl\/wp-json\/wp\/v2\/media\/2530"}],"wp:attachment":[{"href":"https:\/\/xn--acladcorua-19a.es\/gl\/wp-json\/wp\/v2\/media?parent=56"}],"curies":[{"name":"wp","href":"https:\/\/api.w.org\/{rel}","templated":true}]}}