{"id":58,"date":"2023-07-31T14:05:45","date_gmt":"2023-07-31T12:05:45","guid":{"rendered":"http:\/\/74.234.24.151\/?page_id=58"},"modified":"2024-06-19T16:43:15","modified_gmt":"2024-06-19T14:43:15","slug":"unidad-de-dia","status":"publish","type":"page","link":"https:\/\/xn--acladcorua-19a.es\/gl\/recursos\/unidad-de-dia\/","title":{"rendered":"Unidad de d\u00eda (UD)"},"content":{"rendered":"<div class=\"section-wrapper\" data-id=\"ZpUOCL\"><section class=\"wp-block-gutenverse-section guten-element guten-section guten-ZpUOCL layout-boxed align-stretch\"><div class=\"guten-background-overlay\"><\/div><div class=\"guten-shape-divider guten-shape-divider-top\"><\/div><div class=\"guten-shape-divider guten-shape-divider-bottom\"><\/div><div class=\"guten-container guten-column-gap-no\">\n<div class=\"wp-block-gutenverse-column guten-element guten-column guten-Trv65f\"><div class=\"guten-background-overlay\"><\/div><div class=\"sticky-wrapper\" data-id=\"Trv65f\"><div class=\"guten-column-wrapper\">\n<div class=\"wp-block-gutenverse-image guten-element guten-image guten-eU3PSG animated guten-element-hide desktop-fadeInLeft\"><a class=\"guten-image-wrapper\"><img loading=\"lazy\" decoding=\"async\" class=\"gutenverse-image-box-filled\" src=\"http:\/\/xn--acladcorua-19a.es\/wp-content\/uploads\/2024\/05\/DSC_0244-scaled.jpg\" height=\"2048\" width=\"2560\"\/><\/a><\/div>\n<\/div><\/div><\/div>\n\n\n\n<div class=\"wp-block-gutenverse-column guten-element guten-column guten-ub70oE\"><div class=\"guten-background-overlay\"><\/div><div class=\"sticky-wrapper\" data-id=\"ub70oE\"><div class=\"guten-column-wrapper\">\n<h2 class=\"wp-block-gutenverse-heading guten-element guten-adfs0e animated guten-element-hide desktop-fadeInRight\">Nos enfocamos en la rehabilitaci\u00f3n e inserci\u00f3n social de las personas<\/h2>\n\n\n\n<h2 class=\"wp-block-gutenverse-heading guten-element guten-qVZetJ animated guten-element-hide desktop-fadeInRight\">UD aclad<\/h2>\n\n\n\n<div class=\"guten-element gutenverse-text-editor guten-OBXPHu animated guten-element-hide desktop-fadeInRight\"><div class=\"text-content-inner\">\n<p>Nuestra Unidad de D\u00eda es un dispositivo asistencial en r\u00e9gimen de estancia de d\u00eda, en el que realizamos <strong>programas terap\u00e9uticos de intervenci\u00f3n individual y grupal<\/strong>.<\/p>\n\n\n\n<p>Tras realizar una valoraci\u00f3n en el \u00e1mbito psicol\u00f3gico, educativo y social, adaptamos nuestra programaci\u00f3n y objetivos a cada persona. La elecci\u00f3n de los talleres, actividades y periodicidad la adaptamos a las necesidades y posibilidades de cada uno.<\/p>\n\n\n\n<p>Nuestros programas est\u00e1n orientados a la <strong>capacitaci\u00f3n de las personas en habilidades personales que potencien la autonom\u00eda y la mejora de la vida diaria<\/strong>. La responsabilidad y la implicaci\u00f3n activa son fundamentales.<\/p>\n<\/div><\/div>\n<\/div><\/div><\/div>\n<\/div><\/section><\/div>\n\n\n\n<p class=\"has-normal-font-size\"><em>El tratamiento en la Unidad de D\u00eda es voluntario y debes estar abstinente<\/em><\/p>\n\n\n\n<div class=\"guten-element gutenverse-text-editor guten-qWUADS animated guten-element-hide desktop-fadeInUp\"><div class=\"text-content-inner\">\n<h2 class=\"wp-block-heading has-text-align-center\" style=\"font-style:normal;font-weight:300\">Nuestras actividades y programas<\/h2>\n\n\n\n<p class=\"has-text-align-center has-secondary-font-family has-small-font-size\" style=\"font-style:normal;font-weight:200\">Las actividades y programas que llevamos a cabo incluyen habilidades sociales, taller de autoestima, programa de prevenci\u00f3n de reca\u00eddas, inteligencia emocional o crecimiento personal, entre otras. El objetivo que tienen todas ellas es el de normalizar el d\u00eda a d\u00eda de las personas que acuden a nosotros en busca de ayuda, para que puedan incorporarse a la sociedad de forma plena. Atendemos a todos los \u00e1mbitos: <strong>relacional, social, laboral, deporte.<\/strong><\/p>\n\n\n\n<p class=\"has-text-align-center has-secondary-font-family has-small-font-size\" style=\"font-style:normal;font-weight:200\">El equipo de esta unidad est\u00e1 formado por una psic\u00f3loga cl\u00ednica, una trabajadora social y educadoras sociales.<\/p>\n\n\n\n<div class=\"section-wrapper\" data-id=\"eXUumX\"><section class=\"wp-block-gutenverse-section guten-element guten-section guten-eXUumX layout-boxed align-stretch\"><div class=\"guten-background-overlay\"><\/div><div class=\"guten-shape-divider guten-shape-divider-top\"><\/div><div class=\"guten-shape-divider guten-shape-divider-bottom\"><\/div><div class=\"guten-container guten-column-gap-default\">\n<div class=\"wp-block-gutenverse-column guten-element guten-column guten-uJv6Kr\"><div class=\"guten-background-overlay\"><\/div><div class=\"sticky-wrapper\" data-id=\"uJv6Kr\"><div class=\"guten-column-wrapper\">\n<figure class=\"wp-block-image size-large\"><img loading=\"lazy\" decoding=\"async\" width=\"1024\" height=\"807\" src=\"http:\/\/74.234.24.151\/wp-content\/uploads\/2024\/05\/UD_1-1024x807.png\" alt=\"\" class=\"wp-image-2622\" srcset=\"https:\/\/xn--acladcorua-19a.es\/wp-content\/uploads\/2024\/05\/UD_1-1024x807.png 1024w, https:\/\/xn--acladcorua-19a.es\/wp-content\/uploads\/2024\/05\/UD_1-300x236.png 300w, https:\/\/xn--acladcorua-19a.es\/wp-content\/uploads\/2024\/05\/UD_1-768x605.png 768w, https:\/\/xn--acladcorua-19a.es\/wp-content\/uploads\/2024\/05\/UD_1-15x12.png 15w, https:\/\/xn--acladcorua-19a.es\/wp-content\/uploads\/2024\/05\/UD_1.png 1123w\" sizes=\"(max-width: 1024px) 100vw, 1024px\" \/><\/figure>\n<\/div><\/div><\/div>\n\n\n\n<div class=\"wp-block-gutenverse-column guten-element guten-column guten-u49oNp\"><div class=\"guten-background-overlay\"><\/div><div class=\"sticky-wrapper\" data-id=\"u49oNp\"><div class=\"guten-column-wrapper\">\n<figure class=\"wp-block-image size-large\"><img loading=\"lazy\" decoding=\"async\" width=\"1024\" height=\"811\" src=\"http:\/\/74.234.24.151\/wp-content\/uploads\/2024\/05\/UD_2-1024x811.png\" alt=\"\" class=\"wp-image-2623\" srcset=\"https:\/\/xn--acladcorua-19a.es\/wp-content\/uploads\/2024\/05\/UD_2-1024x811.png 1024w, https:\/\/xn--acladcorua-19a.es\/wp-content\/uploads\/2024\/05\/UD_2-300x238.png 300w, https:\/\/xn--acladcorua-19a.es\/wp-content\/uploads\/2024\/05\/UD_2-768x608.png 768w, https:\/\/xn--acladcorua-19a.es\/wp-content\/uploads\/2024\/05\/UD_2-15x12.png 15w, https:\/\/xn--acladcorua-19a.es\/wp-content\/uploads\/2024\/05\/UD_2.png 1120w\" sizes=\"(max-width: 1024px) 100vw, 1024px\" \/><\/figure>\n<\/div><\/div><\/div>\n\n\n\n<div class=\"wp-block-gutenverse-column guten-element guten-column guten-RENexo\"><div class=\"guten-background-overlay\"><\/div><div class=\"sticky-wrapper\" data-id=\"RENexo\"><div class=\"guten-column-wrapper\">\n<figure class=\"wp-block-image size-large\"><img loading=\"lazy\" decoding=\"async\" width=\"1024\" height=\"819\" src=\"http:\/\/74.234.24.151\/wp-content\/uploads\/2024\/05\/DSC_0118-1024x819.jpg\" alt=\"\" class=\"wp-image-2579\" srcset=\"https:\/\/xn--acladcorua-19a.es\/wp-content\/uploads\/2024\/05\/DSC_0118-1024x819.jpg 1024w, https:\/\/xn--acladcorua-19a.es\/wp-content\/uploads\/2024\/05\/DSC_0118-300x240.jpg 300w, https:\/\/xn--acladcorua-19a.es\/wp-content\/uploads\/2024\/05\/DSC_0118-768x614.jpg 768w, https:\/\/xn--acladcorua-19a.es\/wp-content\/uploads\/2024\/05\/DSC_0118-1536x1229.jpg 1536w, https:\/\/xn--acladcorua-19a.es\/wp-content\/uploads\/2024\/05\/DSC_0118-2048x1638.jpg 2048w, https:\/\/xn--acladcorua-19a.es\/wp-content\/uploads\/2024\/05\/DSC_0118-15x12.jpg 15w\" sizes=\"(max-width: 1024px) 100vw, 1024px\" \/><\/figure>\n<\/div><\/div><\/div>\n\n\n\n<div class=\"wp-block-gutenverse-column guten-element guten-column guten-hrYlhB\"><div class=\"guten-background-overlay\"><\/div><div class=\"sticky-wrapper\" data-id=\"hrYlhB\"><div class=\"guten-column-wrapper\">\n<figure class=\"wp-block-image size-full\"><img loading=\"lazy\" decoding=\"async\" width=\"572\" height=\"893\" src=\"http:\/\/74.234.24.151\/wp-content\/uploads\/2024\/05\/UD_4-1.png\" alt=\"\" class=\"wp-image-2625\" srcset=\"https:\/\/xn--acladcorua-19a.es\/wp-content\/uploads\/2024\/05\/UD_4-1.png 572w, https:\/\/xn--acladcorua-19a.es\/wp-content\/uploads\/2024\/05\/UD_4-1-192x300.png 192w, https:\/\/xn--acladcorua-19a.es\/wp-content\/uploads\/2024\/05\/UD_4-1-8x12.png 8w\" sizes=\"(max-width: 572px) 100vw, 572px\" \/><\/figure>\n<\/div><\/div><\/div>\n<\/div><\/section><\/div>\n\n\n\n<p class=\"has-text-align-center has-secondary-font-family has-small-font-size\" style=\"font-style:normal;font-weight:200\">Puedes ver m\u00e1s detalle de nuestras actividades aqu\u00ed<\/p>\n\n\n\n<div style=\"height:50px\" aria-hidden=\"true\" class=\"wp-block-spacer\"><\/div>\n\n\n\n<div class=\"guten-element guten-button-wrapper guten-BEw0nr\"><a class=\"guten-button guten-button-sm\" href=\"\/gl\/programas-ud-y-ct\/\"><span>VER ACTIVIDADES<\/span><\/a><\/div>\n<\/div><\/div>","protected":false},"excerpt":{"rendered":"<p>El tratamiento en la Unidad de D\u00eda es voluntario y debes estar abstinente<\/p>","protected":false},"author":2,"featured_media":2538,"parent":24,"menu_order":1,"comment_status":"closed","ping_status":"closed","template":"","meta":{"iawp_total_views":638,"footnotes":""},"class_list":["post-58","page","type-page","status-publish","has-post-thumbnail","hentry"],"_links":{"self":[{"href":"https:\/\/xn--acladcorua-19a.es\/gl\/wp-json\/wp\/v2\/pages\/58"}],"collection":[{"href":"https:\/\/xn--acladcorua-19a.es\/gl\/wp-json\/wp\/v2\/pages"}],"about":[{"href":"https:\/\/xn--acladcorua-19a.es\/gl\/wp-json\/wp\/v2\/types\/page"}],"author":[{"embeddable":true,"href":"https:\/\/xn--acladcorua-19a.es\/gl\/wp-json\/wp\/v2\/users\/2"}],"replies":[{"embeddable":true,"href":"https:\/\/xn--acladcorua-19a.es\/gl\/wp-json\/wp\/v2\/comments?post=58"}],"version-history":[{"count":33,"href":"https:\/\/xn--acladcorua-19a.es\/gl\/wp-json\/wp\/v2\/pages\/58\/revisions"}],"predecessor-version":[{"id":2647,"href":"https:\/\/xn--acladcorua-19a.es\/gl\/wp-json\/wp\/v2\/pages\/58\/revisions\/2647"}],"up":[{"embeddable":true,"href":"https:\/\/xn--acladcorua-19a.es\/gl\/wp-json\/wp\/v2\/pages\/24"}],"wp:featuredmedia":[{"embeddable":true,"href":"https:\/\/xn--acladcorua-19a.es\/gl\/wp-json\/wp\/v2\/media\/2538"}],"wp:attachment":[{"href":"https:\/\/xn--acladcorua-19a.es\/gl\/wp-json\/wp\/v2\/media?parent=58"}],"curies":[{"name":"wp","href":"https:\/\/api.w.org\/{rel}","templated":true}]}}