{"id":60,"date":"2023-07-31T14:06:13","date_gmt":"2023-07-31T12:06:13","guid":{"rendered":"http:\/\/74.234.24.151\/?page_id=60"},"modified":"2024-06-19T16:47:27","modified_gmt":"2024-06-19T14:47:27","slug":"comunidad-terapeutica","status":"publish","type":"page","link":"https:\/\/xn--acladcorua-19a.es\/gl\/recursos\/comunidad-terapeutica\/","title":{"rendered":"Comunidad terap\u00e9utica"},"content":{"rendered":"<div class=\"section-wrapper\" data-id=\"TwQ2Ae\"><section class=\"wp-block-gutenverse-section guten-element guten-section guten-TwQ2Ae layout-boxed align-stretch\"><div class=\"guten-background-overlay\"><\/div><div class=\"guten-shape-divider guten-shape-divider-top\"><\/div><div class=\"guten-shape-divider guten-shape-divider-bottom\"><\/div><div class=\"guten-container guten-column-gap-default\">\n<div class=\"wp-block-gutenverse-column guten-element guten-column guten-nkRsog\"><div class=\"guten-background-overlay\"><\/div><div class=\"sticky-wrapper\" data-id=\"nkRsog\"><div class=\"guten-column-wrapper\">\n<h5 class=\"wp-block-gutenverse-heading guten-element guten-jxRX4j animated guten-element-hide desktop-fadeInLeft\">Comunidad Terap\u00e9utica Julio Portela<\/h5>\n\n\n\n<h2 class=\"wp-block-gutenverse-heading guten-element guten-pDhIT5 animated guten-element-hide desktop-fadeInLeft\">Qui\u00e9nes somos<\/h2>\n\n\n\n<div class=\"guten-element gutenverse-text-editor guten-uVK5tW animated guten-element-hide desktop-fadeInLeft\"><div class=\"text-content-inner\">\n<p class=\"has-secondary-font-family has-small-font-size\">Nuestra comunidad terap\u00e9utica Julio Portela es un <strong>centro sociosanitario<\/strong> profesional dedicado al <strong>tratamiento y rehabilitaci\u00f3n de personas drogodependientes adultas<\/strong> en r\u00e9gimen <strong>residencial<\/strong>.<\/p>\n\n\n\n<div style=\"height:25px\" aria-hidden=\"true\" class=\"wp-block-spacer\"><\/div>\n\n\n\n<div class=\"wp-block-buttons is-layout-flex wp-block-buttons-is-layout-flex\">\n<div class=\"wp-block-button\"><a class=\"wp-block-button__link has-white-color has-intrace-accent-background-color has-text-color has-background has-link-color wp-element-button\" href=\"\/gl\/programas-ud-y-ct\/\" style=\"border-style:none;border-width:0px;border-radius:10px\">VER  NUESTRAS ACTIVIDADES<\/a><\/div>\n<\/div>\n<\/div><\/div>\n<\/div><\/div><\/div>\n\n\n\n<div class=\"wp-block-gutenverse-column guten-element guten-column guten-rYNMDu\"><div class=\"guten-background-overlay\"><\/div><div class=\"sticky-wrapper\" data-id=\"rYNMDu\"><div class=\"guten-column-wrapper\">\n<div class=\"guten-element guten-testimonials guten-UvlS9z animated guten-element-hide desktop-fadeInRight style-2 quote-override\"><div class=\"testimonials-list\"><div id=\"guten-UvlS9z\" class=\"swiper-container\" data-loop=\"true\" data-autoplay=\"false\" data-timeout=\"2400\" data-nav=\"false\" data-arrow=\"true\" data-breakpoints=\"{&quot;0&quot;:{&quot;spaceBetween&quot;:25,&quot;slidesPerView&quot;:1},&quot;768&quot;:{&quot;spaceBetween&quot;:30,&quot;slidesPerView&quot;:2},&quot;1024&quot;:{&quot;spaceBetween&quot;:10,&quot;slidesPerView&quot;:2}}\"><div class=\"swiper-wrapper\"><div class=\"swiper-slide\"><div class=\"guten-testimonial-item\"><div class=\"testimonial-box hover-from-left\"><div class=\"comment-header\"><ul class=\"rating-stars\"><\/ul><\/div><div class=\"comment-bio\"><div class=\"bio-details\"><div class=\"profile-image\"><img decoding=\"async\" src=\"http:\/\/xn--acladcorua-19a.es\/wp-content\/uploads\/2024\/01\/equipo.png\" alt=\"Equipo\"\/><\/div><span class=\"profile-info\"><strong class=\"profile-name\">Equipo<\/strong><p class=\"profile-des\">multidisciplinar<\/p><\/span><\/div><div class=\"icon-content\"><i aria-hidden=\"true\" class=\"\"><\/i><\/div><\/div><div class=\"comment-content\"><p>Tenemos un equipo multidisciplinar de profesionales de educaci\u00f3n social, psicolog\u00eda, psiquiatr\u00eda, trabajo social y enfermer\u00eda que supervisan a diario el proceso de recuperaci\u00f3n de las personas internas.<\/p><\/div><\/div><\/div><\/div><div class=\"swiper-slide\"><div class=\"guten-testimonial-item\"><div class=\"testimonial-box hover-from-left\"><div class=\"comment-header\"><ul class=\"rating-stars\"><\/ul><\/div><div class=\"comment-bio\"><div class=\"bio-details\"><div class=\"profile-image\"><img decoding=\"async\" src=\"http:\/\/xn--acladcorua-19a.es\/wp-content\/uploads\/2017\/05\/ayuda-familias.png\" alt=\"Grupos\"\/><\/div><span class=\"profile-info\"><strong class=\"profile-name\">Grupos<\/strong><p class=\"profile-des\">y personas<\/p><\/span><\/div><div class=\"icon-content\"><i aria-hidden=\"true\" class=\"\"><\/i><\/div><\/div><div class=\"comment-content\"><p>Aplicamos procesos de intervenci\u00f3n grupales., pero tambi\u00e9n desarrollamos terapias individuales, acciones educativas y sanitarias y fomentamos actividades deportivas y de inter\u00e9s para nuestras personas residentes.<\/p><\/div><\/div><\/div><\/div><div class=\"swiper-slide\"><div class=\"guten-testimonial-item\"><div class=\"testimonial-box hover-from-left\"><div class=\"comment-header\"><ul class=\"rating-stars\"><\/ul><\/div><div class=\"comment-bio\"><div class=\"bio-details\"><div class=\"profile-image\"><img decoding=\"async\" src=\"http:\/\/xn--acladcorua-19a.es\/wp-content\/uploads\/2023\/08\/comunidad-escolar.png\" alt=\"Comunidad\"\/><\/div><span class=\"profile-info\"><strong class=\"profile-name\">Comunidad<\/strong><p class=\"profile-des\">y ambiente de convivencia<\/p><\/span><\/div><div class=\"icon-content\"><i aria-hidden=\"true\" class=\"\"><\/i><\/div><\/div><div class=\"comment-content\"><p>Toda nuestras actividad se desarrolla en un ambiente de aut\u00e9ntica comunidad y convivencia donde las propias personas residentes se encargan de los cuidados y labores diarias de mantenimiento de las instalaciones del centro.<\/p><\/div><\/div><\/div><\/div><\/div><div class=\"swiper-button-prev\"><\/div><div class=\"swiper-button-next\"><\/div><\/div><\/div><\/div>\n<\/div><\/div><\/div>\n<\/div><\/section><\/div>\n\n\n\n<div class=\"wp-block-columns is-layout-flex wp-container-core-columns-is-layout-1 wp-block-columns-is-layout-flex\">\n<div class=\"wp-block-column is-layout-flow wp-block-column-is-layout-flow\">\n<figure class=\"wp-block-image size-large\"><img loading=\"lazy\" decoding=\"async\" width=\"2560\" height=\"2560\" src=\"http:\/\/74.234.24.151\/wp-content\/uploads\/2024\/05\/DSC_0088-edited-scaled.jpg\" alt=\"\" class=\"wp-image-2560\" srcset=\"https:\/\/xn--acladcorua-19a.es\/wp-content\/uploads\/2024\/05\/DSC_0088-edited-scaled.jpg 2560w, https:\/\/xn--acladcorua-19a.es\/wp-content\/uploads\/2024\/05\/DSC_0088-edited-300x300.jpg 300w, https:\/\/xn--acladcorua-19a.es\/wp-content\/uploads\/2024\/05\/DSC_0088-edited-1024x1024.jpg 1024w, https:\/\/xn--acladcorua-19a.es\/wp-content\/uploads\/2024\/05\/DSC_0088-edited-150x150.jpg 150w, https:\/\/xn--acladcorua-19a.es\/wp-content\/uploads\/2024\/05\/DSC_0088-edited-768x768.jpg 768w, https:\/\/xn--acladcorua-19a.es\/wp-content\/uploads\/2024\/05\/DSC_0088-edited-1536x1536.jpg 1536w, https:\/\/xn--acladcorua-19a.es\/wp-content\/uploads\/2024\/05\/DSC_0088-edited-2048x2048.jpg 2048w, https:\/\/xn--acladcorua-19a.es\/wp-content\/uploads\/2024\/05\/DSC_0088-edited-12x12.jpg 12w\" sizes=\"(max-width: 2560px) 100vw, 2560px\" \/><\/figure>\n<\/div>\n\n\n\n<div class=\"wp-block-column is-layout-flow wp-block-column-is-layout-flow\">\n<figure class=\"wp-block-image size-full\"><img loading=\"lazy\" decoding=\"async\" width=\"682\" height=\"682\" src=\"http:\/\/74.234.24.151\/wp-content\/uploads\/2024\/05\/IMG-20240422-WA0009-edited.jpg\" alt=\"\" class=\"wp-image-2561\" srcset=\"https:\/\/xn--acladcorua-19a.es\/wp-content\/uploads\/2024\/05\/IMG-20240422-WA0009-edited.jpg 682w, https:\/\/xn--acladcorua-19a.es\/wp-content\/uploads\/2024\/05\/IMG-20240422-WA0009-edited-300x300.jpg 300w, https:\/\/xn--acladcorua-19a.es\/wp-content\/uploads\/2024\/05\/IMG-20240422-WA0009-edited-150x150.jpg 150w, https:\/\/xn--acladcorua-19a.es\/wp-content\/uploads\/2024\/05\/IMG-20240422-WA0009-edited-12x12.jpg 12w\" sizes=\"(max-width: 682px) 100vw, 682px\" \/><\/figure>\n<\/div>\n\n\n\n<div class=\"wp-block-column is-layout-flow wp-block-column-is-layout-flow\">\n<figure class=\"wp-block-image size-large\"><img loading=\"lazy\" decoding=\"async\" width=\"2560\" height=\"2560\" src=\"http:\/\/74.234.24.151\/wp-content\/uploads\/2024\/05\/DSC_0078-edited-scaled.jpg\" alt=\"\" class=\"wp-image-2563\" srcset=\"https:\/\/xn--acladcorua-19a.es\/wp-content\/uploads\/2024\/05\/DSC_0078-edited-scaled.jpg 2560w, https:\/\/xn--acladcorua-19a.es\/wp-content\/uploads\/2024\/05\/DSC_0078-edited-300x300.jpg 300w, https:\/\/xn--acladcorua-19a.es\/wp-content\/uploads\/2024\/05\/DSC_0078-edited-1024x1024.jpg 1024w, https:\/\/xn--acladcorua-19a.es\/wp-content\/uploads\/2024\/05\/DSC_0078-edited-150x150.jpg 150w, https:\/\/xn--acladcorua-19a.es\/wp-content\/uploads\/2024\/05\/DSC_0078-edited-768x768.jpg 768w, https:\/\/xn--acladcorua-19a.es\/wp-content\/uploads\/2024\/05\/DSC_0078-edited-1536x1536.jpg 1536w, https:\/\/xn--acladcorua-19a.es\/wp-content\/uploads\/2024\/05\/DSC_0078-edited-2048x2048.jpg 2048w, https:\/\/xn--acladcorua-19a.es\/wp-content\/uploads\/2024\/05\/DSC_0078-edited-12x12.jpg 12w\" sizes=\"(max-width: 2560px) 100vw, 2560px\" \/><\/figure>\n<\/div>\n<\/div>\n\n\n\n<div style=\"height:29px\" aria-hidden=\"true\" class=\"wp-block-spacer\"><\/div>\n\n\n\n<h3 class=\"wp-block-heading has-intrace-accent-color has-text-color has-link-color has-large-font-size wp-elements-d4ab1d981b18a7061d9ab8c06242e9f5\" style=\"font-style:normal;font-weight:400\">\u00bfD\u00f3nde estamos?<\/h3>\n\n\n\n<p class=\"has-text-align-left has-tiny-font-size\">Polvor\u00edn, S\/N (PONTE DOURO), 15189, Ermida, Culleredo (A CORU\u00d1A)<\/p>\n\n\n\n<p class=\"has-normal-font-size\">Rodeados de naturaleza, en Culleredo, est\u00e1 nuestro centro. Un lugar donde recuperarse y hacer una vida tranquila.<\/p>\n\n\n\n<div class=\"guten-element gutenverse-maps guten-25xEh5\"><iframe frameborder=\"0\" scrolling=\"no\" marginheight=\"0\" marginwidth=\"0\" src=\"https:\/\/maps.google.com\/maps?q=Polvor%C3%ADn%2C%20S%2FN%20BAJO(PONTE%20DOURO)%2C%2015189%2C%20Ermida%2C%20Culleredo%20(A%20CORU%C3%91A)&amp;z=16&amp;t=m&amp;output=embed&amp;iwloc=near\" title=\"Polvor\u00edn, S\/N BAJO(PONTE DOURO), 15189, Ermida, Culleredo (A CORU\u00d1A)\"><\/iframe><\/div>","protected":false},"excerpt":{"rendered":"<p>\u00bfD\u00f3nde estamos? Polvor\u00edn, S\/N (PONTE DOURO), 15189, Ermida, Culleredo (A CORU\u00d1A) Rodeados de naturaleza, en Culleredo, est\u00e1 nuestro centro. Un lugar donde recuperarse y hacer una vida tranquila.<\/p>","protected":false},"author":2,"featured_media":2557,"parent":24,"menu_order":1,"comment_status":"closed","ping_status":"closed","template":"","meta":{"iawp_total_views":2096,"footnotes":""},"class_list":["post-60","page","type-page","status-publish","has-post-thumbnail","hentry"],"_links":{"self":[{"href":"https:\/\/xn--acladcorua-19a.es\/gl\/wp-json\/wp\/v2\/pages\/60"}],"collection":[{"href":"https:\/\/xn--acladcorua-19a.es\/gl\/wp-json\/wp\/v2\/pages"}],"about":[{"href":"https:\/\/xn--acladcorua-19a.es\/gl\/wp-json\/wp\/v2\/types\/page"}],"author":[{"embeddable":true,"href":"https:\/\/xn--acladcorua-19a.es\/gl\/wp-json\/wp\/v2\/users\/2"}],"replies":[{"embeddable":true,"href":"https:\/\/xn--acladcorua-19a.es\/gl\/wp-json\/wp\/v2\/comments?post=60"}],"version-history":[{"count":35,"href":"https:\/\/xn--acladcorua-19a.es\/gl\/wp-json\/wp\/v2\/pages\/60\/revisions"}],"predecessor-version":[{"id":2649,"href":"https:\/\/xn--acladcorua-19a.es\/gl\/wp-json\/wp\/v2\/pages\/60\/revisions\/2649"}],"up":[{"embeddable":true,"href":"https:\/\/xn--acladcorua-19a.es\/gl\/wp-json\/wp\/v2\/pages\/24"}],"wp:featuredmedia":[{"embeddable":true,"href":"https:\/\/xn--acladcorua-19a.es\/gl\/wp-json\/wp\/v2\/media\/2557"}],"wp:attachment":[{"href":"https:\/\/xn--acladcorua-19a.es\/gl\/wp-json\/wp\/v2\/media?parent=60"}],"curies":[{"name":"wp","href":"https:\/\/api.w.org\/{rel}","templated":true}]}}