{"id":967,"date":"2023-11-27T13:50:29","date_gmt":"2023-11-27T12:50:29","guid":{"rendered":"http:\/\/74.234.24.151\/?page_id=967"},"modified":"2024-06-19T16:49:35","modified_gmt":"2024-06-19T14:49:35","slug":"areas-programas","status":"publish","type":"page","link":"https:\/\/xn--acladcorua-19a.es\/gl\/areas-programas\/","title":{"rendered":"Nuestras \u00c1reas y Programas"},"content":{"rendered":"<h3 class=\"wp-block-gutenverse-heading guten-element guten-8xzD3v\">Contamos con un equipo multidisciplinar que cubren todas las \u00e1reas de atenci\u00f3n sociosanitaria a tu disposici\u00f3n<\/h3>\n\n\n\n<div class=\"section-wrapper\" data-id=\"jE5fRc\"><section class=\"wp-block-gutenverse-section guten-element guten-section guten-jE5fRc layout-fullwidth align-stretch\"><div class=\"guten-background-overlay\"><\/div><div class=\"guten-shape-divider guten-shape-divider-top\"><\/div><div class=\"guten-shape-divider guten-shape-divider-bottom\"><\/div><div class=\"guten-container guten-column-gap-default\">\n<div class=\"wp-block-gutenverse-column guten-element guten-column guten-KhvMhz\"><div class=\"guten-background-overlay\"><\/div><div class=\"sticky-wrapper\" data-id=\"KhvMhz\"><div class=\"guten-column-wrapper\">\n<div class=\"section-wrapper\" data-id=\"3FX1Y1\"><section class=\"wp-block-gutenverse-section guten-element guten-section guten-3FX1Y1 animated guten-element-hide slow desktop-fadeInUp layout-boxed align-stretch\"><div class=\"guten-background-overlay\"><\/div><div class=\"guten-shape-divider guten-shape-divider-top\"><\/div><div class=\"guten-shape-divider guten-shape-divider-bottom\"><\/div><div class=\"guten-container guten-column-gap-no\">\n<div class=\"wp-block-gutenverse-column guten-element guten-column guten-AY11zD animated guten-element-hide desktop-fadeInUp\"><div class=\"guten-background-overlay\"><\/div><div class=\"sticky-wrapper\" data-id=\"AY11zD\"><div class=\"guten-column-wrapper\">\n<div class=\"wp-block-gutenverse-team guten-element guten-team guten-byy5Hu\"><div class=\"profile-box\"><div class=\"profile-card card-overlay default\"><img decoding=\"async\" src=\"http:\/\/xn--acladcorua-19a.es\/wp-content\/uploads\/2023\/08\/UAD-1-e1717059276950.png\" alt=\"\"\/><div class=\"profile-body center\"><h3 class=\"profile-title\"><\/h3><p class=\"profile-sub\"><\/p><p class=\"profile-desc\">\u00abTodas las cosas son imposibles mientras lo parecen\u00bb &#8211; Concepci\u00f3n Arenal<\/p><\/div><\/div><\/div><\/div>\n\n\n\n<div class=\"section-wrapper\" data-id=\"dx9dqs\"><section class=\"wp-block-gutenverse-section guten-element guten-section guten-dx9dqs layout-fullwidth align-stretch\"><div class=\"guten-background-overlay\"><\/div><div class=\"guten-shape-divider guten-shape-divider-top\"><\/div><div class=\"guten-shape-divider guten-shape-divider-bottom\"><\/div><div class=\"guten-container guten-column-gap-no\">\n<div class=\"wp-block-gutenverse-column guten-element guten-column guten-RYIJsX\"><div class=\"guten-background-overlay\"><\/div><div class=\"sticky-wrapper\" data-id=\"RYIJsX\"><div class=\"guten-column-wrapper\">\n<h2 class=\"wp-block-gutenverse-heading guten-element guten-BoHVgq\">\u00c1REA DE TRABAJO SOCIAL<\/h2>\n\n\n\n<div class=\"guten-element gutenverse-text-editor guten-OshQw3\"><div class=\"text-content-inner\">\n<p><a href=\"\/gl\/areas-programas\/area-trabajo-social\/\">Ver m\u00e1s<\/a><\/p>\n<\/div><\/div>\n<\/div><\/div><\/div>\n<\/div><\/section><\/div>\n<\/div><\/div><\/div>\n\n\n\n<div class=\"wp-block-gutenverse-column guten-element guten-column guten-84QvaB animated guten-element-hide desktop-fadeInUp\"><div class=\"guten-background-overlay\"><\/div><div class=\"sticky-wrapper\" data-id=\"84QvaB\"><div class=\"guten-column-wrapper\">\n<div class=\"wp-block-gutenverse-team guten-element guten-team guten-cIkV67\"><div class=\"profile-box\"><div class=\"profile-card card-overlay default\"><img decoding=\"async\" src=\"http:\/\/xn--acladcorua-19a.es\/wp-content\/uploads\/2023\/11\/bruno-nascimento-PHIgYUGQPvU-unsplash-scaled.jpg\" alt=\"\"\/><div class=\"profile-body center\"><h3 class=\"profile-title\"><\/h3><p class=\"profile-sub\"><\/p><p class=\"profile-desc\">El \u00e9xito es la suma de peque\u00f1os esfuerzos repetidos d\u00eda tras d\u00eda<\/p><\/div><\/div><\/div><\/div>\n\n\n\n<div class=\"section-wrapper\" data-id=\"k58Gtm\"><section class=\"wp-block-gutenverse-section guten-element guten-section guten-k58Gtm layout-boxed align-stretch\"><div class=\"guten-background-overlay\"><\/div><div class=\"guten-shape-divider guten-shape-divider-top\"><\/div><div class=\"guten-shape-divider guten-shape-divider-bottom\"><\/div><div class=\"guten-container guten-column-gap-no\">\n<div class=\"wp-block-gutenverse-column guten-element guten-column guten-6ssGL8\"><div class=\"guten-background-overlay\"><\/div><div class=\"sticky-wrapper\" data-id=\"6ssGL8\"><div class=\"guten-column-wrapper\">\n<h2 class=\"wp-block-gutenverse-heading guten-element guten-lHPvAM\">\u00c1REA DE PSICOLOG\u00cdA<\/h2>\n\n\n\n<div class=\"guten-element gutenverse-text-editor guten-s9vEk2\"><div class=\"text-content-inner\">\n<p><a href=\"\/gl\/areas-programas\/area-atencion-psicologica\/\">Ver m\u00e1s<\/a><\/p>\n<\/div><\/div>\n<\/div><\/div><\/div>\n<\/div><\/section><\/div>\n<\/div><\/div><\/div>\n\n\n\n<div class=\"wp-block-gutenverse-column guten-element guten-column guten-Ot0F0O animated guten-element-hide desktop-fadeInUp\"><div class=\"guten-background-overlay\"><\/div><div class=\"sticky-wrapper\" data-id=\"Ot0F0O\"><div class=\"guten-column-wrapper\">\n<div class=\"wp-block-gutenverse-team guten-element guten-team guten-o98bEg\"><div class=\"profile-box\"><div class=\"profile-card card-overlay default\"><img decoding=\"async\" src=\"http:\/\/xn--acladcorua-19a.es\/wp-content\/uploads\/2024\/05\/psiquiatria-e1717086092795.jpg\" alt=\"\"\/><div class=\"profile-body center\"><h3 class=\"profile-title\"><\/h3><p class=\"profile-sub\"><\/p><p class=\"profile-desc\">La salud es el estado de completo bienestar f\u00edsico, mental y social. No es solo la ausencia de afecciones o enfermedades<\/p><\/div><\/div><\/div><\/div>\n\n\n\n<div class=\"section-wrapper\" data-id=\"XGJaPn\"><section class=\"wp-block-gutenverse-section guten-element guten-section guten-XGJaPn layout-boxed align-stretch\"><div class=\"guten-background-overlay\"><\/div><div class=\"guten-shape-divider guten-shape-divider-top\"><\/div><div class=\"guten-shape-divider guten-shape-divider-bottom\"><\/div><div class=\"guten-container guten-column-gap-no\">\n<div class=\"wp-block-gutenverse-column guten-element guten-column guten-Hv3qkI\"><div class=\"guten-background-overlay\"><\/div><div class=\"sticky-wrapper\" data-id=\"Hv3qkI\"><div class=\"guten-column-wrapper\">\n<h2 class=\"wp-block-gutenverse-heading guten-element guten-uXN9Vm\">\u00c1REA DE PSIQUIATR\u00cdA<\/h2>\n\n\n\n<div class=\"guten-element gutenverse-text-editor guten-QUCf0d\"><div class=\"text-content-inner\">\n<p><a href=\"\/gl\/areas-programas\/area-psiquiatria\/\">Ver m\u00e1s<\/a><\/p>\n<\/div><\/div>\n<\/div><\/div><\/div>\n<\/div><\/section><\/div>\n<\/div><\/div><\/div>\n<\/div><\/section><\/div>\n\n\n\n<div class=\"section-wrapper\" data-id=\"QyPqH0\"><section class=\"wp-block-gutenverse-section guten-element guten-section guten-QyPqH0 animated guten-element-hide slow desktop-fadeInUp layout-boxed align-stretch\"><div class=\"guten-background-overlay\"><\/div><div class=\"guten-shape-divider guten-shape-divider-top\"><\/div><div class=\"guten-shape-divider guten-shape-divider-bottom\"><\/div><div class=\"guten-container guten-column-gap-no\">\n<div class=\"wp-block-gutenverse-column guten-element guten-column guten-1CEcDw animated guten-element-hide desktop-fadeInUp\"><div class=\"guten-background-overlay\"><\/div><div class=\"sticky-wrapper\" data-id=\"1CEcDw\"><div class=\"guten-column-wrapper\">\n<div class=\"wp-block-gutenverse-team guten-element guten-team guten-0LROY8\"><div class=\"profile-box\"><div class=\"profile-card card-overlay default\"><img decoding=\"async\" src=\"http:\/\/xn--acladcorua-19a.es\/wp-content\/uploads\/2024\/05\/enfermeria.png\" alt=\"\"\/><div class=\"profile-body center\"><h3 class=\"profile-title\"><\/h3><p class=\"profile-sub\"><\/p><p class=\"profile-desc\">No importa lo que ocurra, o lo malo que parezca todo hoy. La vida contin\u00faa, y ma\u00f1ana ser\u00e1 mejor<\/p><\/div><\/div><\/div><\/div>\n\n\n\n<div class=\"section-wrapper\" data-id=\"fjrfCA\"><section class=\"wp-block-gutenverse-section guten-element guten-section guten-fjrfCA layout-boxed align-stretch\"><div class=\"guten-background-overlay\"><\/div><div class=\"guten-shape-divider guten-shape-divider-top\"><\/div><div class=\"guten-shape-divider guten-shape-divider-bottom\"><\/div><div class=\"guten-container guten-column-gap-no\">\n<div class=\"wp-block-gutenverse-column guten-element guten-column guten-V5BnnV\"><div class=\"guten-background-overlay\"><\/div><div class=\"sticky-wrapper\" data-id=\"V5BnnV\"><div class=\"guten-column-wrapper\">\n<h2 class=\"wp-block-gutenverse-heading guten-element guten-ISNlxa\">\u00c1REA DE ENFERMER\u00cdA<\/h2>\n\n\n\n<div class=\"guten-element gutenverse-text-editor guten-IDc4ID\"><div class=\"text-content-inner\">\n<p><a href=\"\/gl\/areas-programas\/enfermeria\/\">Ver m\u00e1s<\/a><\/p>\n<\/div><\/div>\n<\/div><\/div><\/div>\n<\/div><\/section><\/div>\n<\/div><\/div><\/div>\n\n\n\n<div class=\"wp-block-gutenverse-column guten-element guten-column guten-he06aa animated guten-element-hide desktop-fadeInUp\"><div class=\"guten-background-overlay\"><\/div><div class=\"sticky-wrapper\" data-id=\"he06aa\"><div class=\"guten-column-wrapper\"><\/div><\/div><\/div>\n\n\n\n<div class=\"wp-block-gutenverse-column guten-element guten-column guten-l15ttU animated guten-element-hide desktop-fadeInUp\"><div class=\"guten-background-overlay\"><\/div><div class=\"sticky-wrapper\" data-id=\"l15ttU\"><div class=\"guten-column-wrapper\">\n<div class=\"wp-block-gutenverse-team guten-element guten-team guten-ZVQyPL\"><div class=\"profile-box\"><div class=\"profile-card card-overlay default\"><img decoding=\"async\" src=\"http:\/\/xn--acladcorua-19a.es\/wp-content\/uploads\/2024\/05\/UD-e1716974389745.png\" alt=\"\"\/><div class=\"profile-body center\"><h3 class=\"profile-title\"><\/h3><p class=\"profile-sub\"><\/p><p class=\"profile-desc\">Dime y lo olvido. Ens\u00e9\u00f1ame y lo recuerdo. Invol\u00facrame y lo aprendo<\/p><\/div><\/div><\/div><\/div>\n\n\n\n<div class=\"section-wrapper\" data-id=\"RYFX6N\"><section class=\"wp-block-gutenverse-section guten-element guten-section guten-RYFX6N layout-boxed align-stretch\"><div class=\"guten-background-overlay\"><\/div><div class=\"guten-shape-divider guten-shape-divider-top\"><\/div><div class=\"guten-shape-divider guten-shape-divider-bottom\"><\/div><div class=\"guten-container guten-column-gap-no\">\n<div class=\"wp-block-gutenverse-column guten-element guten-column guten-DJfPQR\"><div class=\"guten-background-overlay\"><\/div><div class=\"sticky-wrapper\" data-id=\"DJfPQR\"><div class=\"guten-column-wrapper\">\n<h2 class=\"wp-block-gutenverse-heading guten-element guten-5Rgsqp\">\u00c1REA EDUCATIVA<\/h2>\n\n\n\n<div class=\"guten-element gutenverse-text-editor guten-XL46No\"><div class=\"text-content-inner\">\n<p><a href=\"\/gl\/areas-programas\/area-educativa\/\">Ver m\u00e1s<\/a><\/p>\n<\/div><\/div>\n<\/div><\/div><\/div>\n<\/div><\/section><\/div>\n\n\n\n<div class=\"section-wrapper\" data-id=\"E58Igh\"><section class=\"wp-block-gutenverse-section guten-element guten-section guten-E58Igh layout-boxed align-stretch\"><div class=\"guten-background-overlay\"><\/div><div class=\"guten-shape-divider guten-shape-divider-top\"><\/div><div class=\"guten-shape-divider guten-shape-divider-bottom\"><\/div><div class=\"guten-container guten-column-gap-no\">\n<div class=\"wp-block-gutenverse-column guten-element guten-column guten-BxG1mA\"><div class=\"guten-background-overlay\"><\/div><div class=\"sticky-wrapper\" data-id=\"BxG1mA\"><div class=\"guten-column-wrapper\"><\/div><\/div><\/div>\n<\/div><\/section><\/div>\n<\/div><\/div><\/div>\n<\/div><\/section><\/div>\n<\/div><\/div><\/div>\n<\/div><\/section><\/div>","protected":false},"excerpt":{"rendered":"","protected":false},"author":2,"featured_media":2153,"parent":0,"menu_order":0,"comment_status":"closed","ping_status":"closed","template":"","meta":{"iawp_total_views":928,"footnotes":""},"class_list":["post-967","page","type-page","status-publish","has-post-thumbnail","hentry"],"_links":{"self":[{"href":"https:\/\/xn--acladcorua-19a.es\/gl\/wp-json\/wp\/v2\/pages\/967"}],"collection":[{"href":"https:\/\/xn--acladcorua-19a.es\/gl\/wp-json\/wp\/v2\/pages"}],"about":[{"href":"https:\/\/xn--acladcorua-19a.es\/gl\/wp-json\/wp\/v2\/types\/page"}],"author":[{"embeddable":true,"href":"https:\/\/xn--acladcorua-19a.es\/gl\/wp-json\/wp\/v2\/users\/2"}],"replies":[{"embeddable":true,"href":"https:\/\/xn--acladcorua-19a.es\/gl\/wp-json\/wp\/v2\/comments?post=967"}],"version-history":[{"count":36,"href":"https:\/\/xn--acladcorua-19a.es\/gl\/wp-json\/wp\/v2\/pages\/967\/revisions"}],"predecessor-version":[{"id":2650,"href":"https:\/\/xn--acladcorua-19a.es\/gl\/wp-json\/wp\/v2\/pages\/967\/revisions\/2650"}],"wp:featuredmedia":[{"embeddable":true,"href":"https:\/\/xn--acladcorua-19a.es\/gl\/wp-json\/wp\/v2\/media\/2153"}],"wp:attachment":[{"href":"https:\/\/xn--acladcorua-19a.es\/gl\/wp-json\/wp\/v2\/media?parent=967"}],"curies":[{"name":"wp","href":"https:\/\/api.w.org\/{rel}","templated":true}]}}